{"id":5083,"date":"2023-08-14T06:20:22","date_gmt":"2023-08-14T06:20:22","guid":{"rendered":"https:\/\/makadama.es\/my-account\/"},"modified":"2023-11-09T14:30:10","modified_gmt":"2023-11-09T13:30:10","slug":"my-account","status":"publish","type":"page","link":"https:\/\/makadama.es\/en\/my-account\/","title":{"rendered":"My Account"},"content":{"rendered":"\t\t<div data-elementor-type=\"wp-page\" data-elementor-id=\"5083\" class=\"elementor elementor-5083 elementor-16\" data-elementor-post-type=\"page\">\n\t\t\t\t\t\t<section class=\"elementor-section elementor-top-section elementor-element elementor-element-babbf02 elementor-section-boxed elementor-section-height-default elementor-section-height-default\" data-id=\"babbf02\" data-element_type=\"section\" data-e-type=\"section\" data-settings=\"{&quot;jet_parallax_layout_list&quot;:[]}\">\n\t\t\t\t\t\t<div class=\"elementor-container elementor-column-gap-default\">\n\t\t\t\t\t<div class=\"elementor-column elementor-col-100 elementor-top-column elementor-element elementor-element-a346f00\" data-id=\"a346f00\" data-element_type=\"column\" data-e-type=\"column\">\n\t\t\t<div class=\"elementor-widget-wrap elementor-element-populated\">\n\t\t\t\t\t\t<div class=\"elementor-element elementor-element-a24d3b4 jedv-enabled--yes elementor-widget elementor-widget-heading\" data-id=\"a24d3b4\" data-element_type=\"widget\" data-e-type=\"widget\" data-widget_type=\"heading.default\">\n\t\t\t\t\t<h1 class=\"elementor-heading-title elementor-size-default\">Customer Access<\/h1>\t\t\t\t<\/div>\n\t\t\t\t<div class=\"elementor-element elementor-element-482c214 e-my-account-tabs-vertical elementor-widget elementor-widget-woocommerce-my-account\" data-id=\"482c214\" data-element_type=\"widget\" data-e-type=\"widget\" data-widget_type=\"woocommerce-my-account.default\">\n\t\t\t\t\t<div class=\"e-my-account-tab e-my-account-tab__ \">\t\t\t<div class=\"woocommerce\"><\/div>\t\t<\/div>\n\t\t\t\t\t\t<\/div>\n\t\t\t\t\t<\/div>\n\t\t<\/div>\n\t\t\t\t\t<\/div>\n\t\t<\/section>\n\t\t\t\t<section class=\"elementor-section elementor-top-section elementor-element elementor-element-ca0b989 elementor-section-height-min-height elementor-section-items-stretch elementor-section-content-middle elementor-section-boxed elementor-section-height-default\" data-id=\"ca0b989\" data-element_type=\"section\" data-e-type=\"section\" data-settings=\"{&quot;jet_parallax_layout_list&quot;:[],&quot;background_background&quot;:&quot;classic&quot;}\">\n\t\t\t\t\t\t<div class=\"elementor-container elementor-column-gap-default\">\n\t\t\t\t\t<div class=\"elementor-column elementor-col-50 elementor-top-column elementor-element elementor-element-5c70a13\" data-id=\"5c70a13\" data-element_type=\"column\" data-e-type=\"column\">\n\t\t\t<div class=\"elementor-widget-wrap elementor-element-populated\">\n\t\t\t\t\t\t<div class=\"elementor-element elementor-element-c24111d elementor-widget elementor-widget-heading\" data-id=\"c24111d\" data-element_type=\"widget\" data-e-type=\"widget\" data-widget_type=\"heading.default\">\n\t\t\t\t\t<h2 class=\"elementor-heading-title elementor-size-default\">Access for<br>Professionals<\/h2>\t\t\t\t<\/div>\n\t\t\t\t<div class=\"elementor-element elementor-element-6dd3a37 elementor-align-left elementor-mobile-align-center elementor-widget elementor-widget-button\" data-id=\"6dd3a37\" data-element_type=\"widget\" data-e-type=\"widget\" data-widget_type=\"button.default\">\n\t\t\t\t\t\t\t\t\t\t<a class=\"elementor-button elementor-button-link elementor-size-xs\" href=\"https:\/\/makadama.es\/profesionales\/\" target=\"_blank\">\n\t\t\t\t\t\t<span class=\"elementor-button-content-wrapper\">\n\t\t\t\t\t\t<span class=\"elementor-button-icon\">\n\t\t\t\t<svg xmlns=\"http:\/\/www.w3.org\/2000\/svg\" width=\"16\" height=\"16\" fill=\"none\" viewBox=\"0 0 16 16\"><line x1=\"16\" x2=\"-8.7423e-8\" y1=\"8\" y2=\"8\" stroke=\"#191a1c\" stroke-width=\"2\"><\/line><\/svg>\t\t\t<\/span>\n\t\t\t\t\t\t\t\t\t<span class=\"elementor-button-text\">LOG IN<\/span>\n\t\t\t\t\t<\/span>\n\t\t\t\t\t<\/a>\n\t\t\t\t\t\t\t\t<\/div>\n\t\t\t\t\t<\/div>\n\t\t<\/div>\n\t\t\t\t<div class=\"elementor-column elementor-col-50 elementor-top-column elementor-element elementor-element-d2e65f0\" data-id=\"d2e65f0\" data-element_type=\"column\" data-e-type=\"column\">\n\t\t\t<div class=\"elementor-widget-wrap elementor-element-populated\">\n\t\t\t\t\t\t<div class=\"elementor-element elementor-element-795794f elementor-widget elementor-widget-text-editor\" data-id=\"795794f\" data-element_type=\"widget\" data-e-type=\"widget\" data-widget_type=\"text-editor.default\">\n\t\t\t\t\t\t\t\t\t<p>Si eres profesional y todav\u00eda no tienes acceso al \u00e1rea privada para profesionales, por favor, escr\u00edbenos a <a href=\"mailto:info@makadama.es\">info@makadama.es<\/a><\/p>\n\t\t\t\t\t\t\t\t<\/div>\n\t\t\t\t\t<\/div>\n\t\t<\/div>\n\t\t\t\t\t<\/div>\n\t\t<\/section>\n\t\t\t\t<\/div>\n\t\t","protected":false},"excerpt":{"rendered":"<p>My Account Customer Access Escritorio Pedidos Descargas Direcciones M\u00e9todos de pago Detalles de la cuenta Cerrar sesi\u00f3n Hola admin (\u00bfno eres admin? Cerrar sesi\u00f3n) Desde el escritorio de tu cuenta puedes ver tus pedidos recientes, gestionar tus direcciones de env\u00edo y facturaci\u00f3n y editar tu contrase\u00f1a y los detalles de tu cuenta. Access forProfessionals LOG [&hellip;]<\/p>\n","protected":false},"author":1,"featured_media":0,"parent":0,"menu_order":0,"comment_status":"closed","ping_status":"closed","template":"","meta":{"footnotes":""},"class_list":["post-5083","page","type-page","status-publish","hentry"],"yoast_head":"<!-- This site is optimized with the Yoast SEO plugin v27.3 - https:\/\/yoast.com\/product\/yoast-seo-wordpress\/ -->\n<title>My Account - Maka Dama<\/title>\n<meta name=\"robots\" content=\"index, follow, max-snippet:-1, max-image-preview:large, max-video-preview:-1\" \/>\n<link rel=\"canonical\" href=\"https:\/\/makadama.es\/en\/my-account\/\" \/>\n<meta property=\"og:locale\" content=\"en_US\" \/>\n<meta property=\"og:type\" content=\"article\" \/>\n<meta property=\"og:title\" content=\"My Account - Maka Dama\" \/>\n<meta property=\"og:description\" content=\"My Account Customer Access Escritorio Pedidos Descargas Direcciones M\u00e9todos de pago Detalles de la cuenta Cerrar sesi\u00f3n Hola admin (\u00bfno eres admin? Cerrar sesi\u00f3n) Desde el escritorio de tu cuenta puedes ver tus pedidos recientes, gestionar tus direcciones de env\u00edo y facturaci\u00f3n y editar tu contrase\u00f1a y los detalles de tu cuenta. Access forProfessionals LOG [&hellip;]\" \/>\n<meta property=\"og:url\" content=\"https:\/\/makadama.es\/en\/my-account\/\" \/>\n<meta property=\"og:site_name\" content=\"Maka Dama\" \/>\n<meta property=\"article:modified_time\" content=\"2023-11-09T13:30:10+00:00\" \/>\n<meta name=\"twitter:card\" content=\"summary_large_image\" \/>\n<script type=\"application\/ld+json\" class=\"yoast-schema-graph\">{\"@context\":\"https:\\\/\\\/schema.org\",\"@graph\":[{\"@type\":\"WebPage\",\"@id\":\"https:\\\/\\\/makadama.es\\\/en\\\/my-account\\\/\",\"url\":\"https:\\\/\\\/makadama.es\\\/en\\\/my-account\\\/\",\"name\":\"My Account - Maka Dama\",\"isPartOf\":{\"@id\":\"https:\\\/\\\/makadama.es\\\/en\\\/#website\"},\"datePublished\":\"2023-08-14T06:20:22+00:00\",\"dateModified\":\"2023-11-09T13:30:10+00:00\",\"breadcrumb\":{\"@id\":\"https:\\\/\\\/makadama.es\\\/en\\\/my-account\\\/#breadcrumb\"},\"inLanguage\":\"en-US\",\"potentialAction\":[{\"@type\":\"ReadAction\",\"target\":[\"https:\\\/\\\/makadama.es\\\/en\\\/my-account\\\/\"]}]},{\"@type\":\"BreadcrumbList\",\"@id\":\"https:\\\/\\\/makadama.es\\\/en\\\/my-account\\\/#breadcrumb\",\"itemListElement\":[{\"@type\":\"ListItem\",\"position\":1,\"name\":\"Portada\",\"item\":\"https:\\\/\\\/makadama.es\\\/en\\\/\"},{\"@type\":\"ListItem\",\"position\":2,\"name\":\"My Account\"}]},{\"@type\":\"WebSite\",\"@id\":\"https:\\\/\\\/makadama.es\\\/en\\\/#website\",\"url\":\"https:\\\/\\\/makadama.es\\\/en\\\/\",\"name\":\"Maka Dama\",\"description\":\"\",\"publisher\":{\"@id\":\"https:\\\/\\\/makadama.es\\\/en\\\/#organization\"},\"potentialAction\":[{\"@type\":\"SearchAction\",\"target\":{\"@type\":\"EntryPoint\",\"urlTemplate\":\"https:\\\/\\\/makadama.es\\\/en\\\/?s={search_term_string}\"},\"query-input\":{\"@type\":\"PropertyValueSpecification\",\"valueRequired\":true,\"valueName\":\"search_term_string\"}}],\"inLanguage\":\"en-US\"},{\"@type\":\"Organization\",\"@id\":\"https:\\\/\\\/makadama.es\\\/en\\\/#organization\",\"name\":\"Maka Dama\",\"url\":\"https:\\\/\\\/makadama.es\\\/en\\\/\",\"logo\":{\"@type\":\"ImageObject\",\"inLanguage\":\"en-US\",\"@id\":\"https:\\\/\\\/makadama.es\\\/en\\\/#\\\/schema\\\/logo\\\/image\\\/\",\"url\":\"https:\\\/\\\/makadama.es\\\/wp-content\\\/uploads\\\/2023\\\/08\\\/cropped-logo-2.png\",\"contentUrl\":\"https:\\\/\\\/makadama.es\\\/wp-content\\\/uploads\\\/2023\\\/08\\\/cropped-logo-2.png\",\"width\":250,\"height\":47,\"caption\":\"Maka Dama\"},\"image\":{\"@id\":\"https:\\\/\\\/makadama.es\\\/en\\\/#\\\/schema\\\/logo\\\/image\\\/\"}}]}<\/script>\n<!-- \/ Yoast SEO plugin. -->","yoast_head_json":{"title":"My Account - Maka Dama","robots":{"index":"index","follow":"follow","max-snippet":"max-snippet:-1","max-image-preview":"max-image-preview:large","max-video-preview":"max-video-preview:-1"},"canonical":"https:\/\/makadama.es\/en\/my-account\/","og_locale":"en_US","og_type":"article","og_title":"My Account - Maka Dama","og_description":"My Account Customer Access Escritorio Pedidos Descargas Direcciones M\u00e9todos de pago Detalles de la cuenta Cerrar sesi\u00f3n Hola admin (\u00bfno eres admin? Cerrar sesi\u00f3n) Desde el escritorio de tu cuenta puedes ver tus pedidos recientes, gestionar tus direcciones de env\u00edo y facturaci\u00f3n y editar tu contrase\u00f1a y los detalles de tu cuenta. Access forProfessionals LOG [&hellip;]","og_url":"https:\/\/makadama.es\/en\/my-account\/","og_site_name":"Maka Dama","article_modified_time":"2023-11-09T13:30:10+00:00","twitter_card":"summary_large_image","schema":{"@context":"https:\/\/schema.org","@graph":[{"@type":"WebPage","@id":"https:\/\/makadama.es\/en\/my-account\/","url":"https:\/\/makadama.es\/en\/my-account\/","name":"My Account - Maka Dama","isPartOf":{"@id":"https:\/\/makadama.es\/en\/#website"},"datePublished":"2023-08-14T06:20:22+00:00","dateModified":"2023-11-09T13:30:10+00:00","breadcrumb":{"@id":"https:\/\/makadama.es\/en\/my-account\/#breadcrumb"},"inLanguage":"en-US","potentialAction":[{"@type":"ReadAction","target":["https:\/\/makadama.es\/en\/my-account\/"]}]},{"@type":"BreadcrumbList","@id":"https:\/\/makadama.es\/en\/my-account\/#breadcrumb","itemListElement":[{"@type":"ListItem","position":1,"name":"Portada","item":"https:\/\/makadama.es\/en\/"},{"@type":"ListItem","position":2,"name":"My Account"}]},{"@type":"WebSite","@id":"https:\/\/makadama.es\/en\/#website","url":"https:\/\/makadama.es\/en\/","name":"Maka Dama","description":"","publisher":{"@id":"https:\/\/makadama.es\/en\/#organization"},"potentialAction":[{"@type":"SearchAction","target":{"@type":"EntryPoint","urlTemplate":"https:\/\/makadama.es\/en\/?s={search_term_string}"},"query-input":{"@type":"PropertyValueSpecification","valueRequired":true,"valueName":"search_term_string"}}],"inLanguage":"en-US"},{"@type":"Organization","@id":"https:\/\/makadama.es\/en\/#organization","name":"Maka Dama","url":"https:\/\/makadama.es\/en\/","logo":{"@type":"ImageObject","inLanguage":"en-US","@id":"https:\/\/makadama.es\/en\/#\/schema\/logo\/image\/","url":"https:\/\/makadama.es\/wp-content\/uploads\/2023\/08\/cropped-logo-2.png","contentUrl":"https:\/\/makadama.es\/wp-content\/uploads\/2023\/08\/cropped-logo-2.png","width":250,"height":47,"caption":"Maka Dama"},"image":{"@id":"https:\/\/makadama.es\/en\/#\/schema\/logo\/image\/"}}]}},"_links":{"self":[{"href":"https:\/\/makadama.es\/en\/wp-json\/wp\/v2\/pages\/5083","targetHints":{"allow":["GET"]}}],"collection":[{"href":"https:\/\/makadama.es\/en\/wp-json\/wp\/v2\/pages"}],"about":[{"href":"https:\/\/makadama.es\/en\/wp-json\/wp\/v2\/types\/page"}],"author":[{"embeddable":true,"href":"https:\/\/makadama.es\/en\/wp-json\/wp\/v2\/users\/1"}],"replies":[{"embeddable":true,"href":"https:\/\/makadama.es\/en\/wp-json\/wp\/v2\/comments?post=5083"}],"version-history":[{"count":0,"href":"https:\/\/makadama.es\/en\/wp-json\/wp\/v2\/pages\/5083\/revisions"}],"wp:attachment":[{"href":"https:\/\/makadama.es\/en\/wp-json\/wp\/v2\/media?parent=5083"}],"curies":[{"name":"wp","href":"https:\/\/api.w.org\/{rel}","templated":true}]}}