{"id":11204,"date":"2023-09-20T10:03:04","date_gmt":"2023-09-20T08:03:04","guid":{"rendered":"https:\/\/makadama.es\/contacto\/"},"modified":"2023-11-09T14:23:20","modified_gmt":"2023-11-09T13:23:20","slug":"contacto","status":"publish","type":"page","link":"https:\/\/makadama.es\/pt-pt\/contacto\/","title":{"rendered":"Contacto"},"content":{"rendered":"\t\t<div data-elementor-type=\"wp-page\" data-elementor-id=\"11204\" class=\"elementor elementor-11204 elementor-4696\" data-elementor-post-type=\"page\">\n\t\t\t\t\t\t<section class=\"elementor-section elementor-top-section elementor-element elementor-element-88061f9 elementor-section-full_width elementor-section-height-min-height elementor-section-items-stretch elementor-section-content-middle elementor-section-height-default\" data-id=\"88061f9\" data-element_type=\"section\" data-e-type=\"section\" data-settings=\"{&quot;jet_parallax_layout_list&quot;:[],&quot;background_background&quot;:&quot;slideshow&quot;,&quot;background_slideshow_gallery&quot;:[{&quot;id&quot;:4717,&quot;url&quot;:&quot;https:\\\/\\\/makadama.es\\\/wp-content\\\/uploads\\\/2023\\\/09\\\/makadama_contacto_1.jpg&quot;},{&quot;id&quot;:4716,&quot;url&quot;:&quot;https:\\\/\\\/makadama.es\\\/wp-content\\\/uploads\\\/2023\\\/09\\\/makadama_contacto_2.jpg&quot;},{&quot;id&quot;:4715,&quot;url&quot;:&quot;https:\\\/\\\/makadama.es\\\/wp-content\\\/uploads\\\/2023\\\/09\\\/makadama_contacto_3.jpg&quot;}],&quot;background_slideshow_slide_duration&quot;:2000,&quot;background_slideshow_loop&quot;:&quot;yes&quot;,&quot;background_slideshow_slide_transition&quot;:&quot;fade&quot;,&quot;background_slideshow_transition_duration&quot;:500}\">\n\t\t\t\t\t\t<div class=\"elementor-container elementor-column-gap-default\">\n\t\t\t\t\t<div class=\"elementor-column elementor-col-100 elementor-top-column elementor-element elementor-element-c0b737c\" data-id=\"c0b737c\" data-element_type=\"column\" data-e-type=\"column\">\n\t\t\t<div class=\"elementor-widget-wrap\">\n\t\t\t\t\t\t\t<\/div>\n\t\t<\/div>\n\t\t\t\t\t<\/div>\n\t\t<\/section>\n\t\t\t\t<section class=\"elementor-section elementor-top-section elementor-element elementor-element-7939252 elementor-section-boxed elementor-section-height-default elementor-section-height-default\" data-id=\"7939252\" data-element_type=\"section\" data-e-type=\"section\" data-settings=\"{&quot;jet_parallax_layout_list&quot;:[]}\">\n\t\t\t\t\t\t<div class=\"elementor-container elementor-column-gap-default\">\n\t\t\t\t\t<div class=\"elementor-column elementor-col-50 elementor-top-column elementor-element elementor-element-f988d3a\" data-id=\"f988d3a\" data-element_type=\"column\" data-e-type=\"column\">\n\t\t\t<div class=\"elementor-widget-wrap elementor-element-populated\">\n\t\t\t\t\t\t<div class=\"elementor-element elementor-element-5759576 elementor-widget elementor-widget-heading\" data-id=\"5759576\" data-element_type=\"widget\" data-e-type=\"widget\" data-widget_type=\"heading.default\">\n\t\t\t\t\t<h2 class=\"elementor-heading-title elementor-size-default\">CLIENTES<\/h2>\t\t\t\t<\/div>\n\t\t\t\t<div class=\"elementor-element elementor-element-c93281c elementor-widget elementor-widget-text-editor\" data-id=\"c93281c\" data-element_type=\"widget\" data-e-type=\"widget\" data-widget_type=\"text-editor.default\">\n\t\t\t\t\t\t\t\t\t<p>Se \u00e9 um dos nossos clientes e tem alguma d\u00favida, contacte-nos atrav\u00e9s de:<\/p>\n\t\t\t\t\t\t\t\t<\/div>\n\t\t\t\t<div class=\"elementor-element elementor-element-99414e0 elementor-icon-list--layout-inline elementor-align-center elementor-list-item-link-full_width elementor-widget elementor-widget-icon-list\" data-id=\"99414e0\" data-element_type=\"widget\" data-e-type=\"widget\" data-widget_type=\"icon-list.default\">\n\t\t\t\t\t\t\t<ul class=\"elementor-icon-list-items elementor-inline-items\">\n\t\t\t\t\t\t\t<li class=\"elementor-icon-list-item elementor-inline-item\">\n\t\t\t\t\t\t\t\t\t\t\t<a href=\"tel:+34965384937\">\n\n\t\t\t\t\t\t\t\t\t\t\t\t<span class=\"elementor-icon-list-icon\">\n\t\t\t\t\t\t\t<svg xmlns=\"http:\/\/www.w3.org\/2000\/svg\" width=\"100\" height=\"100\" viewBox=\"0 0 100 100\" fill=\"none\"><path d=\"M50.36 14C29.48 14 14 22.28 14 32V34.52C14 37.04 16.16 38.84 18.68 39.2H28.04C31.28 39.2 33.08 35.24 32 32C30.2 29.48 32 25.88 34.88 25.16C44.96 23 55.04 23 65.48 25.16C68.72 25.88 70.16 29.12 68.36 32C67.28 35.24 69.08 38.84 72.32 39.2H81.68C84.2 39.2 86.36 37.04 86.36 34.52V32C86 21.92 70.16 14 50.36 14Z\" fill=\"#191A1C\"><\/path><path d=\"M69.0801 41C68.3601 39.92 67.2801 39.2 65.8401 39.2H60.8001V33.8C60.8001 32.72 60.0801 32 59.0001 32H55.4001C54.3201 32 53.6001 32.72 53.6001 33.8V39.2H46.4001V33.8C46.4001 32.72 45.6801 32 44.6001 32H41.0001C39.9201 32 39.2001 32.72 39.2001 33.8V39.2H34.1601C32.7201 39.2 31.6401 39.92 30.9201 41C25.5201 50.36 17.6001 62.24 17.6001 82.4C17.6001 84.2 19.0401 86 21.2001 86H78.8001C80.9601 86 82.4001 84.2 82.4001 82.4C82.4001 62.24 74.1201 49.64 69.0801 41ZM50.0001 78.8C42.0801 78.8 35.6001 72.32 35.6001 64.4C35.6001 56.48 42.0801 50 50.0001 50C57.9201 50 64.4001 56.48 64.4001 64.4C64.4001 72.32 57.9201 78.8 50.0001 78.8Z\" fill=\"#191A1C\"><\/path><path d=\"M50 71.6C53.9765 71.6 57.2 68.3765 57.2 64.4C57.2 60.4236 53.9765 57.2 50 57.2C46.0236 57.2 42.8 60.4236 42.8 64.4C42.8 68.3765 46.0236 71.6 50 71.6Z\" fill=\"#191A1C\"><\/path><\/svg>\t\t\t\t\t\t<\/span>\n\t\t\t\t\t\t\t\t\t\t<span class=\"elementor-icon-list-text\">+34 96 538 49 37<\/span>\n\t\t\t\t\t\t\t\t\t\t\t<\/a>\n\t\t\t\t\t\t\t\t\t<\/li>\n\t\t\t\t\t\t\t\t<li class=\"elementor-icon-list-item elementor-inline-item\">\n\t\t\t\t\t\t\t\t\t\t\t<a href=\"mailto:contact@makadama.es\">\n\n\t\t\t\t\t\t\t\t\t\t\t\t<span class=\"elementor-icon-list-icon\">\n\t\t\t\t\t\t\t<svg xmlns=\"http:\/\/www.w3.org\/2000\/svg\" width=\"100\" height=\"100\" viewBox=\"0 0 100 100\" fill=\"none\"><path d=\"M87.9591 28.0464L60.9875 48.5939L88.0146 71.8476C88.6425 70.6606 88.9999 69.3094 88.9999 67.8756V32.1243C88.9999 30.6479 88.6222 29.2584 87.9591 28.0464Z\" fill=\"#191A1C\"><\/path><path d=\"M80.4762 23.6005H19.5236C17.8458 23.6005 16.2808 24.0897 14.9604 24.9303L48.5958 50.1391C49.4386 50.7576 50.5678 50.7588 51.4119 50.1432L84.7432 24.7502C83.4874 24.0205 82.0304 23.6005 80.4762 23.6005Z\" fill=\"#191A1C\"><\/path><path d=\"M57.2706 51.4258L54.1383 53.8122C52.9029 54.7243 51.4546 55.1804 50.0069 55.1804C48.5589 55.1804 47.1113 54.7245 45.8755 53.8122L45.8622 53.8025L42.7341 51.4581L15.1519 75.1894C16.4309 75.9571 17.9265 76.3995 19.5237 76.3995H80.4764C82.0839 76.3995 83.5888 75.9518 84.8733 75.175L57.2706 51.4258Z\" fill=\"#191A1C\"><\/path><path d=\"M11.8889 28.3404C11.321 29.4813 11 30.7655 11 32.1243V67.8759C11 69.3196 11.362 70.6801 11.9983 71.8729L38.9884 48.6507L11.8889 28.3404Z\" fill=\"#191A1C\"><\/path><\/svg>\t\t\t\t\t\t<\/span>\n\t\t\t\t\t\t\t\t\t\t<span class=\"elementor-icon-list-text\">contact@makadama.es<\/span>\n\t\t\t\t\t\t\t\t\t\t\t<\/a>\n\t\t\t\t\t\t\t\t\t<\/li>\n\t\t\t\t\t\t<\/ul>\n\t\t\t\t\t\t<\/div>\n\t\t\t\t\t<\/div>\n\t\t<\/div>\n\t\t\t\t<div class=\"elementor-column elementor-col-50 elementor-top-column elementor-element elementor-element-74d0145\" data-id=\"74d0145\" data-element_type=\"column\" data-e-type=\"column\">\n\t\t\t<div class=\"elementor-widget-wrap elementor-element-populated\">\n\t\t\t\t\t\t<div class=\"elementor-element elementor-element-8d3e6ae elementor-widget elementor-widget-heading\" data-id=\"8d3e6ae\" data-element_type=\"widget\" data-e-type=\"widget\" data-widget_type=\"heading.default\">\n\t\t\t\t\t<h2 class=\"elementor-heading-title elementor-size-default\">DISTRIBUIDORES<\/h2>\t\t\t\t<\/div>\n\t\t\t\t<div class=\"elementor-element elementor-element-3a041b8 elementor-widget elementor-widget-text-editor\" data-id=\"3a041b8\" data-element_type=\"widget\" data-e-type=\"widget\" data-widget_type=\"text-editor.default\">\n\t\t\t\t\t\t\t\t\t<p>Est\u00e1 interessado em vender as nossas pe\u00e7as? Em Maka Dama, dispomos de uma vasta gama de distribuidores:<\/p>\n\t\t\t\t\t\t\t\t<\/div>\n\t\t\t\t<div class=\"elementor-element elementor-element-4a85a5f elementor-icon-list--layout-inline elementor-align-center elementor-list-item-link-full_width elementor-widget elementor-widget-icon-list\" data-id=\"4a85a5f\" data-element_type=\"widget\" data-e-type=\"widget\" data-widget_type=\"icon-list.default\">\n\t\t\t\t\t\t\t<ul class=\"elementor-icon-list-items elementor-inline-items\">\n\t\t\t\t\t\t\t<li class=\"elementor-icon-list-item elementor-inline-item\">\n\t\t\t\t\t\t\t\t\t\t\t<a href=\"tel:+34965384937\">\n\n\t\t\t\t\t\t\t\t\t\t\t\t<span class=\"elementor-icon-list-icon\">\n\t\t\t\t\t\t\t<svg xmlns=\"http:\/\/www.w3.org\/2000\/svg\" width=\"100\" height=\"100\" viewBox=\"0 0 100 100\" fill=\"none\"><path d=\"M50.36 14C29.48 14 14 22.28 14 32V34.52C14 37.04 16.16 38.84 18.68 39.2H28.04C31.28 39.2 33.08 35.24 32 32C30.2 29.48 32 25.88 34.88 25.16C44.96 23 55.04 23 65.48 25.16C68.72 25.88 70.16 29.12 68.36 32C67.28 35.24 69.08 38.84 72.32 39.2H81.68C84.2 39.2 86.36 37.04 86.36 34.52V32C86 21.92 70.16 14 50.36 14Z\" fill=\"#191A1C\"><\/path><path d=\"M69.0801 41C68.3601 39.92 67.2801 39.2 65.8401 39.2H60.8001V33.8C60.8001 32.72 60.0801 32 59.0001 32H55.4001C54.3201 32 53.6001 32.72 53.6001 33.8V39.2H46.4001V33.8C46.4001 32.72 45.6801 32 44.6001 32H41.0001C39.9201 32 39.2001 32.72 39.2001 33.8V39.2H34.1601C32.7201 39.2 31.6401 39.92 30.9201 41C25.5201 50.36 17.6001 62.24 17.6001 82.4C17.6001 84.2 19.0401 86 21.2001 86H78.8001C80.9601 86 82.4001 84.2 82.4001 82.4C82.4001 62.24 74.1201 49.64 69.0801 41ZM50.0001 78.8C42.0801 78.8 35.6001 72.32 35.6001 64.4C35.6001 56.48 42.0801 50 50.0001 50C57.9201 50 64.4001 56.48 64.4001 64.4C64.4001 72.32 57.9201 78.8 50.0001 78.8Z\" fill=\"#191A1C\"><\/path><path d=\"M50 71.6C53.9765 71.6 57.2 68.3765 57.2 64.4C57.2 60.4236 53.9765 57.2 50 57.2C46.0236 57.2 42.8 60.4236 42.8 64.4C42.8 68.3765 46.0236 71.6 50 71.6Z\" fill=\"#191A1C\"><\/path><\/svg>\t\t\t\t\t\t<\/span>\n\t\t\t\t\t\t\t\t\t\t<span class=\"elementor-icon-list-text\">+34 96 538 49 37<\/span>\n\t\t\t\t\t\t\t\t\t\t\t<\/a>\n\t\t\t\t\t\t\t\t\t<\/li>\n\t\t\t\t\t\t\t\t<li class=\"elementor-icon-list-item elementor-inline-item\">\n\t\t\t\t\t\t\t\t\t\t\t<a href=\"mailto:info@makadama.es\">\n\n\t\t\t\t\t\t\t\t\t\t\t\t<span class=\"elementor-icon-list-icon\">\n\t\t\t\t\t\t\t<svg xmlns=\"http:\/\/www.w3.org\/2000\/svg\" width=\"100\" height=\"100\" viewBox=\"0 0 100 100\" fill=\"none\"><path d=\"M87.9591 28.0464L60.9875 48.5939L88.0146 71.8476C88.6425 70.6606 88.9999 69.3094 88.9999 67.8756V32.1243C88.9999 30.6479 88.6222 29.2584 87.9591 28.0464Z\" fill=\"#191A1C\"><\/path><path d=\"M80.4762 23.6005H19.5236C17.8458 23.6005 16.2808 24.0897 14.9604 24.9303L48.5958 50.1391C49.4386 50.7576 50.5678 50.7588 51.4119 50.1432L84.7432 24.7502C83.4874 24.0205 82.0304 23.6005 80.4762 23.6005Z\" fill=\"#191A1C\"><\/path><path d=\"M57.2706 51.4258L54.1383 53.8122C52.9029 54.7243 51.4546 55.1804 50.0069 55.1804C48.5589 55.1804 47.1113 54.7245 45.8755 53.8122L45.8622 53.8025L42.7341 51.4581L15.1519 75.1894C16.4309 75.9571 17.9265 76.3995 19.5237 76.3995H80.4764C82.0839 76.3995 83.5888 75.9518 84.8733 75.175L57.2706 51.4258Z\" fill=\"#191A1C\"><\/path><path d=\"M11.8889 28.3404C11.321 29.4813 11 30.7655 11 32.1243V67.8759C11 69.3196 11.362 70.6801 11.9983 71.8729L38.9884 48.6507L11.8889 28.3404Z\" fill=\"#191A1C\"><\/path><\/svg>\t\t\t\t\t\t<\/span>\n\t\t\t\t\t\t\t\t\t\t<span class=\"elementor-icon-list-text\">info@makadama.es<\/span>\n\t\t\t\t\t\t\t\t\t\t\t<\/a>\n\t\t\t\t\t\t\t\t\t<\/li>\n\t\t\t\t\t\t<\/ul>\n\t\t\t\t\t\t<\/div>\n\t\t\t\t\t<\/div>\n\t\t<\/div>\n\t\t\t\t\t<\/div>\n\t\t<\/section>\n\t\t\t\t<section class=\"elementor-section elementor-top-section elementor-element elementor-element-8c1d0ae elementor-section-boxed elementor-section-height-default elementor-section-height-default\" data-id=\"8c1d0ae\" data-element_type=\"section\" data-e-type=\"section\" data-settings=\"{&quot;jet_parallax_layout_list&quot;:[]}\">\n\t\t\t\t\t\t<div class=\"elementor-container elementor-column-gap-no\">\n\t\t\t\t\t<div class=\"elementor-column elementor-col-100 elementor-top-column elementor-element elementor-element-e2e458b\" data-id=\"e2e458b\" data-element_type=\"column\" data-e-type=\"column\">\n\t\t\t<div class=\"elementor-widget-wrap elementor-element-populated\">\n\t\t\t\t\t\t<div class=\"elementor-element elementor-element-daf6336 elementor-widget-divider--view-line elementor-widget elementor-widget-divider\" data-id=\"daf6336\" data-element_type=\"widget\" data-e-type=\"widget\" data-widget_type=\"divider.default\">\n\t\t\t\t\t\t\t<div class=\"elementor-divider\">\n\t\t\t<span class=\"elementor-divider-separator\">\n\t\t\t\t\t\t<\/span>\n\t\t<\/div>\n\t\t\t\t\t\t<\/div>\n\t\t\t\t\t<\/div>\n\t\t<\/div>\n\t\t\t\t\t<\/div>\n\t\t<\/section>\n\t\t\t\t<section class=\"elementor-section elementor-top-section elementor-element elementor-element-407cb0f elementor-section-boxed elementor-section-height-default elementor-section-height-default\" data-id=\"407cb0f\" data-element_type=\"section\" data-e-type=\"section\" data-settings=\"{&quot;jet_parallax_layout_list&quot;:[]}\">\n\t\t\t\t\t\t<div class=\"elementor-container elementor-column-gap-default\">\n\t\t\t\t\t<div class=\"elementor-column elementor-col-100 elementor-top-column elementor-element elementor-element-22c2c5e\" data-id=\"22c2c5e\" data-element_type=\"column\" data-e-type=\"column\">\n\t\t\t<div class=\"elementor-widget-wrap elementor-element-populated\">\n\t\t\t\t\t\t<div class=\"elementor-element elementor-element-d844639 elementor-widget elementor-widget-heading\" data-id=\"d844639\" data-element_type=\"widget\" data-e-type=\"widget\" data-widget_type=\"heading.default\">\n\t\t\t\t\t<h2 class=\"elementor-heading-title elementor-size-default\">ESTAMOS EM ALICANTE<\/h2>\t\t\t\t<\/div>\n\t\t\t\t<div class=\"elementor-element elementor-element-5cabdcf elementor-widget elementor-widget-text-editor\" data-id=\"5cabdcf\" data-element_type=\"widget\" data-e-type=\"widget\" data-widget_type=\"text-editor.default\">\n\t\t\t\t\t\t\t\t\t<p>Todas as j\u00f3ias Maka Dama s\u00e3o concebidas e fabricadas numa pequena oficina em Petrer, Alicante (Espanha). \u00c9 a\u00ed que a magia acontece: criamos os primeiros esbo\u00e7os e folhas de estanho para captar as primeiras ideias, depois damos a forma final \u00e0 ideia original e assim&#8230; no final de todos os processos, temos nas nossas m\u00e3os pequenas obras de arte sob a forma de colares, brincos, pulseiras e an\u00e9is.<\/p>\n<p>Todas as j\u00f3ias s\u00e3o trabalhadas individualmente, pelo que ter\u00e3o diferen\u00e7as subtis e encantadoras entre si. Gostamos de dizer que as nossas pe\u00e7as s\u00e3o \u00fanicas, porque o s\u00e3o.<\/p>\n\t\t\t\t\t\t\t\t<\/div>\n\t\t\t\t\t<\/div>\n\t\t<\/div>\n\t\t\t\t\t<\/div>\n\t\t<\/section>\n\t\t\t\t<\/div>\n\t\t","protected":false},"excerpt":{"rendered":"<p>CLIENTES Se \u00e9 um dos nossos clientes e tem alguma d\u00favida, contacte-nos atrav\u00e9s de: +34 96 538 49 37 contact@makadama.es DISTRIBUIDORES Est\u00e1 interessado em vender as nossas pe\u00e7as? Em Maka Dama, dispomos de uma vasta gama de distribuidores: +34 96 538 49 37 info@makadama.es ESTAMOS EM ALICANTE Todas as j\u00f3ias Maka Dama s\u00e3o concebidas e [&hellip;]<\/p>\n","protected":false},"author":1,"featured_media":9734,"parent":0,"menu_order":0,"comment_status":"closed","ping_status":"closed","template":"","meta":{"footnotes":""},"class_list":["post-11204","page","type-page","status-publish","has-post-thumbnail","hentry"],"yoast_head":"<!-- This site is optimized with the Yoast SEO plugin v27.3 - https:\/\/yoast.com\/product\/yoast-seo-wordpress\/ -->\n<title>Contacto - Maka Dama<\/title>\n<meta name=\"description\" content=\"Contacto com Maka Dama. Telefone 96 538 49 37. Se \u00e9 cliente, escreva para contact@makadama.es. Se \u00e9 um profissional: info@makadama.es\" \/>\n<meta name=\"robots\" content=\"index, follow, max-snippet:-1, max-image-preview:large, max-video-preview:-1\" \/>\n<link rel=\"canonical\" href=\"https:\/\/makadama.es\/pt-pt\/contacto\/\" \/>\n<meta property=\"og:locale\" content=\"pt_PT\" \/>\n<meta property=\"og:type\" content=\"article\" \/>\n<meta property=\"og:title\" content=\"Contacto - Maka Dama\" \/>\n<meta property=\"og:description\" content=\"Contacto com Maka Dama. Telefone 96 538 49 37. Se \u00e9 cliente, escreva para contact@makadama.es. Se \u00e9 um profissional: info@makadama.es\" \/>\n<meta property=\"og:url\" content=\"https:\/\/makadama.es\/pt-pt\/contacto\/\" \/>\n<meta property=\"og:site_name\" content=\"Maka Dama\" \/>\n<meta property=\"article:modified_time\" content=\"2023-11-09T13:23:20+00:00\" \/>\n<meta property=\"og:image\" content=\"https:\/\/makadama.es\/wp-content\/uploads\/2023\/09\/urba_destacada-min.jpg\" \/>\n\t<meta property=\"og:image:width\" content=\"600\" \/>\n\t<meta property=\"og:image:height\" content=\"900\" \/>\n\t<meta property=\"og:image:type\" content=\"image\/jpeg\" \/>\n<meta name=\"twitter:card\" content=\"summary_large_image\" \/>\n<meta name=\"twitter:label1\" content=\"Tempo estimado de leitura\" \/>\n\t<meta name=\"twitter:data1\" content=\"1 minuto\" \/>\n<script type=\"application\/ld+json\" class=\"yoast-schema-graph\">{\"@context\":\"https:\\\/\\\/schema.org\",\"@graph\":[{\"@type\":\"WebPage\",\"@id\":\"https:\\\/\\\/makadama.es\\\/pt-pt\\\/contacto\\\/\",\"url\":\"https:\\\/\\\/makadama.es\\\/pt-pt\\\/contacto\\\/\",\"name\":\"Contacto - Maka Dama\",\"isPartOf\":{\"@id\":\"https:\\\/\\\/makadama.es\\\/pt-pt\\\/#website\"},\"primaryImageOfPage\":{\"@id\":\"https:\\\/\\\/makadama.es\\\/pt-pt\\\/contacto\\\/#primaryimage\"},\"image\":{\"@id\":\"https:\\\/\\\/makadama.es\\\/pt-pt\\\/contacto\\\/#primaryimage\"},\"thumbnailUrl\":\"https:\\\/\\\/makadama.es\\\/wp-content\\\/uploads\\\/2023\\\/09\\\/urba_destacada-min.jpg\",\"datePublished\":\"2023-09-20T08:03:04+00:00\",\"dateModified\":\"2023-11-09T13:23:20+00:00\",\"description\":\"Contacto com Maka Dama. Telefone 96 538 49 37. Se \u00e9 cliente, escreva para contact@makadama.es. Se \u00e9 um profissional: info@makadama.es\",\"breadcrumb\":{\"@id\":\"https:\\\/\\\/makadama.es\\\/pt-pt\\\/contacto\\\/#breadcrumb\"},\"inLanguage\":\"pt-PT\",\"potentialAction\":[{\"@type\":\"ReadAction\",\"target\":[\"https:\\\/\\\/makadama.es\\\/pt-pt\\\/contacto\\\/\"]}]},{\"@type\":\"ImageObject\",\"inLanguage\":\"pt-PT\",\"@id\":\"https:\\\/\\\/makadama.es\\\/pt-pt\\\/contacto\\\/#primaryimage\",\"url\":\"https:\\\/\\\/makadama.es\\\/wp-content\\\/uploads\\\/2023\\\/09\\\/urba_destacada-min.jpg\",\"contentUrl\":\"https:\\\/\\\/makadama.es\\\/wp-content\\\/uploads\\\/2023\\\/09\\\/urba_destacada-min.jpg\",\"width\":600,\"height\":900},{\"@type\":\"BreadcrumbList\",\"@id\":\"https:\\\/\\\/makadama.es\\\/pt-pt\\\/contacto\\\/#breadcrumb\",\"itemListElement\":[{\"@type\":\"ListItem\",\"position\":1,\"name\":\"Portada\",\"item\":\"https:\\\/\\\/makadama.es\\\/pt-pt\\\/\"},{\"@type\":\"ListItem\",\"position\":2,\"name\":\"Contacto\"}]},{\"@type\":\"WebSite\",\"@id\":\"https:\\\/\\\/makadama.es\\\/pt-pt\\\/#website\",\"url\":\"https:\\\/\\\/makadama.es\\\/pt-pt\\\/\",\"name\":\"Maka Dama\",\"description\":\"\",\"publisher\":{\"@id\":\"https:\\\/\\\/makadama.es\\\/pt-pt\\\/#organization\"},\"potentialAction\":[{\"@type\":\"SearchAction\",\"target\":{\"@type\":\"EntryPoint\",\"urlTemplate\":\"https:\\\/\\\/makadama.es\\\/pt-pt\\\/?s={search_term_string}\"},\"query-input\":{\"@type\":\"PropertyValueSpecification\",\"valueRequired\":true,\"valueName\":\"search_term_string\"}}],\"inLanguage\":\"pt-PT\"},{\"@type\":\"Organization\",\"@id\":\"https:\\\/\\\/makadama.es\\\/pt-pt\\\/#organization\",\"name\":\"Maka Dama\",\"url\":\"https:\\\/\\\/makadama.es\\\/pt-pt\\\/\",\"logo\":{\"@type\":\"ImageObject\",\"inLanguage\":\"pt-PT\",\"@id\":\"https:\\\/\\\/makadama.es\\\/pt-pt\\\/#\\\/schema\\\/logo\\\/image\\\/\",\"url\":\"https:\\\/\\\/makadama.es\\\/wp-content\\\/uploads\\\/2023\\\/08\\\/cropped-logo-2.png\",\"contentUrl\":\"https:\\\/\\\/makadama.es\\\/wp-content\\\/uploads\\\/2023\\\/08\\\/cropped-logo-2.png\",\"width\":250,\"height\":47,\"caption\":\"Maka Dama\"},\"image\":{\"@id\":\"https:\\\/\\\/makadama.es\\\/pt-pt\\\/#\\\/schema\\\/logo\\\/image\\\/\"}}]}<\/script>\n<!-- \/ Yoast SEO plugin. -->","yoast_head_json":{"title":"Contacto - Maka Dama","description":"Contacto com Maka Dama. Telefone 96 538 49 37. Se \u00e9 cliente, escreva para contact@makadama.es. Se \u00e9 um profissional: info@makadama.es","robots":{"index":"index","follow":"follow","max-snippet":"max-snippet:-1","max-image-preview":"max-image-preview:large","max-video-preview":"max-video-preview:-1"},"canonical":"https:\/\/makadama.es\/pt-pt\/contacto\/","og_locale":"pt_PT","og_type":"article","og_title":"Contacto - Maka Dama","og_description":"Contacto com Maka Dama. Telefone 96 538 49 37. Se \u00e9 cliente, escreva para contact@makadama.es. Se \u00e9 um profissional: info@makadama.es","og_url":"https:\/\/makadama.es\/pt-pt\/contacto\/","og_site_name":"Maka Dama","article_modified_time":"2023-11-09T13:23:20+00:00","og_image":[{"width":600,"height":900,"url":"https:\/\/makadama.es\/wp-content\/uploads\/2023\/09\/urba_destacada-min.jpg","type":"image\/jpeg"}],"twitter_card":"summary_large_image","twitter_misc":{"Tempo estimado de leitura":"1 minuto"},"schema":{"@context":"https:\/\/schema.org","@graph":[{"@type":"WebPage","@id":"https:\/\/makadama.es\/pt-pt\/contacto\/","url":"https:\/\/makadama.es\/pt-pt\/contacto\/","name":"Contacto - Maka Dama","isPartOf":{"@id":"https:\/\/makadama.es\/pt-pt\/#website"},"primaryImageOfPage":{"@id":"https:\/\/makadama.es\/pt-pt\/contacto\/#primaryimage"},"image":{"@id":"https:\/\/makadama.es\/pt-pt\/contacto\/#primaryimage"},"thumbnailUrl":"https:\/\/makadama.es\/wp-content\/uploads\/2023\/09\/urba_destacada-min.jpg","datePublished":"2023-09-20T08:03:04+00:00","dateModified":"2023-11-09T13:23:20+00:00","description":"Contacto com Maka Dama. Telefone 96 538 49 37. Se \u00e9 cliente, escreva para contact@makadama.es. Se \u00e9 um profissional: info@makadama.es","breadcrumb":{"@id":"https:\/\/makadama.es\/pt-pt\/contacto\/#breadcrumb"},"inLanguage":"pt-PT","potentialAction":[{"@type":"ReadAction","target":["https:\/\/makadama.es\/pt-pt\/contacto\/"]}]},{"@type":"ImageObject","inLanguage":"pt-PT","@id":"https:\/\/makadama.es\/pt-pt\/contacto\/#primaryimage","url":"https:\/\/makadama.es\/wp-content\/uploads\/2023\/09\/urba_destacada-min.jpg","contentUrl":"https:\/\/makadama.es\/wp-content\/uploads\/2023\/09\/urba_destacada-min.jpg","width":600,"height":900},{"@type":"BreadcrumbList","@id":"https:\/\/makadama.es\/pt-pt\/contacto\/#breadcrumb","itemListElement":[{"@type":"ListItem","position":1,"name":"Portada","item":"https:\/\/makadama.es\/pt-pt\/"},{"@type":"ListItem","position":2,"name":"Contacto"}]},{"@type":"WebSite","@id":"https:\/\/makadama.es\/pt-pt\/#website","url":"https:\/\/makadama.es\/pt-pt\/","name":"Maka Dama","description":"","publisher":{"@id":"https:\/\/makadama.es\/pt-pt\/#organization"},"potentialAction":[{"@type":"SearchAction","target":{"@type":"EntryPoint","urlTemplate":"https:\/\/makadama.es\/pt-pt\/?s={search_term_string}"},"query-input":{"@type":"PropertyValueSpecification","valueRequired":true,"valueName":"search_term_string"}}],"inLanguage":"pt-PT"},{"@type":"Organization","@id":"https:\/\/makadama.es\/pt-pt\/#organization","name":"Maka Dama","url":"https:\/\/makadama.es\/pt-pt\/","logo":{"@type":"ImageObject","inLanguage":"pt-PT","@id":"https:\/\/makadama.es\/pt-pt\/#\/schema\/logo\/image\/","url":"https:\/\/makadama.es\/wp-content\/uploads\/2023\/08\/cropped-logo-2.png","contentUrl":"https:\/\/makadama.es\/wp-content\/uploads\/2023\/08\/cropped-logo-2.png","width":250,"height":47,"caption":"Maka Dama"},"image":{"@id":"https:\/\/makadama.es\/pt-pt\/#\/schema\/logo\/image\/"}}]}},"_links":{"self":[{"href":"https:\/\/makadama.es\/pt-pt\/wp-json\/wp\/v2\/pages\/11204","targetHints":{"allow":["GET"]}}],"collection":[{"href":"https:\/\/makadama.es\/pt-pt\/wp-json\/wp\/v2\/pages"}],"about":[{"href":"https:\/\/makadama.es\/pt-pt\/wp-json\/wp\/v2\/types\/page"}],"author":[{"embeddable":true,"href":"https:\/\/makadama.es\/pt-pt\/wp-json\/wp\/v2\/users\/1"}],"replies":[{"embeddable":true,"href":"https:\/\/makadama.es\/pt-pt\/wp-json\/wp\/v2\/comments?post=11204"}],"version-history":[{"count":0,"href":"https:\/\/makadama.es\/pt-pt\/wp-json\/wp\/v2\/pages\/11204\/revisions"}],"wp:featuredmedia":[{"embeddable":true,"href":"https:\/\/makadama.es\/pt-pt\/wp-json\/wp\/v2\/media\/9734"}],"wp:attachment":[{"href":"https:\/\/makadama.es\/pt-pt\/wp-json\/wp\/v2\/media?parent=11204"}],"curies":[{"name":"wp","href":"https:\/\/api.w.org\/{rel}","templated":true}]}}