{"id":11377,"date":"2023-08-14T06:20:22","date_gmt":"2023-08-14T04:20:22","guid":{"rendered":"https:\/\/makadama.es\/termos-e-condicoes-de-venda\/"},"modified":"2023-11-13T07:31:14","modified_gmt":"2023-11-13T06:31:14","slug":"termos-e-condicoes-de-venda","status":"publish","type":"page","link":"https:\/\/makadama.es\/pt-pt\/termos-e-condicoes-de-venda\/","title":{"rendered":"Termos e condi\u00e7\u00f5es de venda"},"content":{"rendered":"\n<h3 class=\"wp-block-heading\">GARANTIA<\/h3>\n\n<p>Todas as j\u00f3ias MAKA DAMA t\u00eam uma garantia de dois anos a partir do momento da compra, que cobre todos os poss\u00edveis defeitos que possam surgir do fabrico, mas em caso algum os causados por uma utiliza\u00e7\u00e3o incorrecta.<\/p>\n\n<p>Para que esta garantia seja efectiva, \u00e9 necess\u00e1rio apresentar o recibo de compra e ter adquirido as j\u00f3ias na nossa loja online www.makadama.es.<\/p>\n\n<h3 class=\"wp-block-heading\">DEVOLU\u00c7\u00d5ES E TROCAS<\/h3>\n\n<p>Dispones de 15 d\u00edas naturales desde el momento de la recepci\u00f3n de tu pedido para realizar cualquier cambio o devoluci\u00f3n. Debes notificar este cambio o devoluci\u00f3n a trav\u00e9s de <a href=\"mailto:contact@makadama.es\">contact@makadama.es<\/a><br\/><br\/>Para cambios y devoluciones has de hacernos llegar el producto en su embalaje original, en perfecto estado y sin se\u00f1ales de uso. La devoluci\u00f3n debe hacerse por correo certificado o alg\u00fan otro sistema con registro de entrega (mensajer\u00eda, etc), los gastos de la devoluci\u00f3n corren a cargo del comprador. Una vez recibida la pieza y comprobado su estado procederemos al reembolso del coste del producto (no de los gastos de env\u00edo) a trav\u00e9s del mismo sistema de pago con el que se realiz\u00f3 la compra.<\/p>\n\n<h3 class=\"wp-block-heading\">EMBALAGEM<\/h3>\n\n<p>Na MAKA DAMA temos um cuidado especial com a apresenta\u00e7\u00e3o e entregamos todas as nossas pe\u00e7as numa caixa r\u00edgida branca, desenhada pela MAKA DAMA, que \u00e9 perfeita para manter as suas pe\u00e7as protegidas.<\/p>\n\n<p>Os brincos TRIBASIKS s\u00e3o entregues na sua bolsa branca original, concebida por MAKA DAMA, onde os pode guardar facilmente.<\/p>\n\n<h3 class=\"wp-block-heading\">TRANSPORTE<\/h3>\n\n<p>Se o seu envio for para a Pen\u00ednsula Ib\u00e9rica&#8230; os nossos envios s\u00e3o gratuitos para si!<\/p>\n\n<p>Se reside nas Ilhas Baleares, a nossa entrega custa 14 euros.<\/p>\n\n<p>Se reside em Ceuta, Melilla, Ilhas Can\u00e1rias ou pa\u00edses da Uni\u00e3o Europeia, os nossos envios t\u00eam um custo de 19 euros.<\/p>\n\n<p>As encomendas s\u00e3o entregues em sua casa num prazo de 2 a 7 dias \u00fateis ap\u00f3s a realiza\u00e7\u00e3o da encomenda. Como todas as nossas pe\u00e7as s\u00e3o feitas \u00e0 m\u00e3o, tentamos sempre envi\u00e1-las no dia seguinte, mas por vezes precisamos de mais tempo para a sua prepara\u00e7\u00e3o.<\/p>\n\n<p>Se n\u00e3o receber a sua encomenda no prazo de 15 dias a contar da data da compra, envie-nos um e-mail para <a href=\"mailto:contact@makadama.es\">contact@makadama.es<\/a> com o assunto &#8220;A minha encomenda n\u00e3o chegou&#8221; e entraremos em contacto consigo o mais rapidamente poss\u00edvel para a resolver.<\/p>\n\n<p>Para as vendas efectuadas fora da Uni\u00e3o Europeia, Ceuta e Melilha, podem ser cobrados direitos aduaneiros sobre a importa\u00e7\u00e3o dos produtos para o pa\u00eds ou regi\u00e3o de destino. Estes custos devem ser suportados pelo consumidor.<\/p>\n\n<h3 class=\"wp-block-heading\">PAGOS<\/h3>\n\n<p>Comprar em MAKADAMA.ES \u00e9 f\u00e1cil, c\u00f3modo e seguro. Uma vez efectuado o pagamento, receber\u00e1 um e-mail de confirma\u00e7\u00e3o da sua encomenda (recomendamos que verifique a sua pasta de spam se n\u00e3o receber este e-mail).<\/p>\n\n<p>Para garantir a seguran\u00e7a das suas compras e oferecer-lhe o melhor servi\u00e7o, trabalhamos com PayPal e Stripe, duas das principais e mais seguras plataformas de pagamento online.<\/p>\n\n<p>Se ainda assim preferir pagar por transfer\u00eancia banc\u00e1ria, escreva para <a href=\"mailto:contact@makadama.es\">contact@makadama.es<\/a> e fornecer-lhe-emos um n\u00famero de conta para efetuar o pagamento.<\/p>\n\n<p>Escreva-nos com quaisquer perguntas ou coment\u00e1rios, teremos todo o gosto em ajudar!<\/p>\n\n<p>Todos os nossos produtos incluem 21% de IVA.<\/p>\n","protected":false},"excerpt":{"rendered":"<p>GARANTIA Todas as j\u00f3ias MAKA DAMA t\u00eam uma garantia de dois anos a partir do momento da compra, que cobre todos os poss\u00edveis defeitos que possam surgir do fabrico, mas em caso algum os causados por uma utiliza\u00e7\u00e3o incorrecta. Para que esta garantia seja efectiva, \u00e9 necess\u00e1rio apresentar o recibo de compra e ter adquirido [&hellip;]<\/p>\n","protected":false},"author":1,"featured_media":9694,"parent":0,"menu_order":0,"comment_status":"closed","ping_status":"closed","template":"","meta":{"footnotes":""},"class_list":["post-11377","page","type-page","status-publish","has-post-thumbnail","hentry"],"yoast_head":"<!-- This site is optimized with the Yoast SEO plugin v27.3 - https:\/\/yoast.com\/product\/yoast-seo-wordpress\/ -->\n<title>Termos e condi\u00e7\u00f5es de venda - Maka Dama<\/title>\n<meta name=\"description\" content=\"Termos e condi\u00e7\u00f5es de venda da joalharia online Maka Dama (makadama.es). Envios para Espanha e Uni\u00e3o Europeia.\" \/>\n<meta name=\"robots\" content=\"index, follow, max-snippet:-1, max-image-preview:large, max-video-preview:-1\" \/>\n<link rel=\"canonical\" href=\"https:\/\/makadama.es\/pt-pt\/termos-e-condicoes-de-venda\/\" \/>\n<meta property=\"og:locale\" content=\"pt_PT\" \/>\n<meta property=\"og:type\" content=\"article\" \/>\n<meta property=\"og:title\" content=\"Termos e condi\u00e7\u00f5es de venda - Maka Dama\" \/>\n<meta property=\"og:description\" content=\"Termos e condi\u00e7\u00f5es de venda da joalharia online Maka Dama (makadama.es). Envios para Espanha e Uni\u00e3o Europeia.\" \/>\n<meta property=\"og:url\" content=\"https:\/\/makadama.es\/pt-pt\/termos-e-condicoes-de-venda\/\" \/>\n<meta property=\"og:site_name\" content=\"Maka Dama\" \/>\n<meta property=\"article:modified_time\" content=\"2023-11-13T06:31:14+00:00\" \/>\n<meta property=\"og:image\" content=\"https:\/\/makadama.es\/wp-content\/uploads\/2023\/09\/duna_destacada-min.jpg\" \/>\n\t<meta property=\"og:image:width\" content=\"600\" \/>\n\t<meta property=\"og:image:height\" content=\"900\" \/>\n\t<meta property=\"og:image:type\" content=\"image\/jpeg\" \/>\n<meta name=\"twitter:card\" content=\"summary_large_image\" \/>\n<meta name=\"twitter:label1\" content=\"Tempo estimado de leitura\" \/>\n\t<meta name=\"twitter:data1\" content=\"3 minutos\" \/>\n<script type=\"application\/ld+json\" class=\"yoast-schema-graph\">{\"@context\":\"https:\\\/\\\/schema.org\",\"@graph\":[{\"@type\":\"WebPage\",\"@id\":\"https:\\\/\\\/makadama.es\\\/pt-pt\\\/termos-e-condicoes-de-venda\\\/\",\"url\":\"https:\\\/\\\/makadama.es\\\/pt-pt\\\/termos-e-condicoes-de-venda\\\/\",\"name\":\"Termos e condi\u00e7\u00f5es de venda - Maka Dama\",\"isPartOf\":{\"@id\":\"https:\\\/\\\/makadama.es\\\/pt-pt\\\/#website\"},\"primaryImageOfPage\":{\"@id\":\"https:\\\/\\\/makadama.es\\\/pt-pt\\\/termos-e-condicoes-de-venda\\\/#primaryimage\"},\"image\":{\"@id\":\"https:\\\/\\\/makadama.es\\\/pt-pt\\\/termos-e-condicoes-de-venda\\\/#primaryimage\"},\"thumbnailUrl\":\"https:\\\/\\\/makadama.es\\\/wp-content\\\/uploads\\\/2023\\\/09\\\/duna_destacada-min.jpg\",\"datePublished\":\"2023-08-14T04:20:22+00:00\",\"dateModified\":\"2023-11-13T06:31:14+00:00\",\"description\":\"Termos e condi\u00e7\u00f5es de venda da joalharia online Maka Dama (makadama.es). Envios para Espanha e Uni\u00e3o Europeia.\",\"breadcrumb\":{\"@id\":\"https:\\\/\\\/makadama.es\\\/pt-pt\\\/termos-e-condicoes-de-venda\\\/#breadcrumb\"},\"inLanguage\":\"pt-PT\",\"potentialAction\":[{\"@type\":\"ReadAction\",\"target\":[\"https:\\\/\\\/makadama.es\\\/pt-pt\\\/termos-e-condicoes-de-venda\\\/\"]}]},{\"@type\":\"ImageObject\",\"inLanguage\":\"pt-PT\",\"@id\":\"https:\\\/\\\/makadama.es\\\/pt-pt\\\/termos-e-condicoes-de-venda\\\/#primaryimage\",\"url\":\"https:\\\/\\\/makadama.es\\\/wp-content\\\/uploads\\\/2023\\\/09\\\/duna_destacada-min.jpg\",\"contentUrl\":\"https:\\\/\\\/makadama.es\\\/wp-content\\\/uploads\\\/2023\\\/09\\\/duna_destacada-min.jpg\",\"width\":600,\"height\":900},{\"@type\":\"BreadcrumbList\",\"@id\":\"https:\\\/\\\/makadama.es\\\/pt-pt\\\/termos-e-condicoes-de-venda\\\/#breadcrumb\",\"itemListElement\":[{\"@type\":\"ListItem\",\"position\":1,\"name\":\"Portada\",\"item\":\"https:\\\/\\\/makadama.es\\\/pt-pt\\\/\"},{\"@type\":\"ListItem\",\"position\":2,\"name\":\"Termos e condi\u00e7\u00f5es de venda\"}]},{\"@type\":\"WebSite\",\"@id\":\"https:\\\/\\\/makadama.es\\\/pt-pt\\\/#website\",\"url\":\"https:\\\/\\\/makadama.es\\\/pt-pt\\\/\",\"name\":\"Maka Dama\",\"description\":\"\",\"publisher\":{\"@id\":\"https:\\\/\\\/makadama.es\\\/pt-pt\\\/#organization\"},\"potentialAction\":[{\"@type\":\"SearchAction\",\"target\":{\"@type\":\"EntryPoint\",\"urlTemplate\":\"https:\\\/\\\/makadama.es\\\/pt-pt\\\/?s={search_term_string}\"},\"query-input\":{\"@type\":\"PropertyValueSpecification\",\"valueRequired\":true,\"valueName\":\"search_term_string\"}}],\"inLanguage\":\"pt-PT\"},{\"@type\":\"Organization\",\"@id\":\"https:\\\/\\\/makadama.es\\\/pt-pt\\\/#organization\",\"name\":\"Maka Dama\",\"url\":\"https:\\\/\\\/makadama.es\\\/pt-pt\\\/\",\"logo\":{\"@type\":\"ImageObject\",\"inLanguage\":\"pt-PT\",\"@id\":\"https:\\\/\\\/makadama.es\\\/pt-pt\\\/#\\\/schema\\\/logo\\\/image\\\/\",\"url\":\"https:\\\/\\\/makadama.es\\\/wp-content\\\/uploads\\\/2023\\\/08\\\/cropped-logo-2.png\",\"contentUrl\":\"https:\\\/\\\/makadama.es\\\/wp-content\\\/uploads\\\/2023\\\/08\\\/cropped-logo-2.png\",\"width\":250,\"height\":47,\"caption\":\"Maka Dama\"},\"image\":{\"@id\":\"https:\\\/\\\/makadama.es\\\/pt-pt\\\/#\\\/schema\\\/logo\\\/image\\\/\"}}]}<\/script>\n<!-- \/ Yoast SEO plugin. -->","yoast_head_json":{"title":"Termos e condi\u00e7\u00f5es de venda - Maka Dama","description":"Termos e condi\u00e7\u00f5es de venda da joalharia online Maka Dama (makadama.es). Envios para Espanha e Uni\u00e3o Europeia.","robots":{"index":"index","follow":"follow","max-snippet":"max-snippet:-1","max-image-preview":"max-image-preview:large","max-video-preview":"max-video-preview:-1"},"canonical":"https:\/\/makadama.es\/pt-pt\/termos-e-condicoes-de-venda\/","og_locale":"pt_PT","og_type":"article","og_title":"Termos e condi\u00e7\u00f5es de venda - Maka Dama","og_description":"Termos e condi\u00e7\u00f5es de venda da joalharia online Maka Dama (makadama.es). Envios para Espanha e Uni\u00e3o Europeia.","og_url":"https:\/\/makadama.es\/pt-pt\/termos-e-condicoes-de-venda\/","og_site_name":"Maka Dama","article_modified_time":"2023-11-13T06:31:14+00:00","og_image":[{"width":600,"height":900,"url":"https:\/\/makadama.es\/wp-content\/uploads\/2023\/09\/duna_destacada-min.jpg","type":"image\/jpeg"}],"twitter_card":"summary_large_image","twitter_misc":{"Tempo estimado de leitura":"3 minutos"},"schema":{"@context":"https:\/\/schema.org","@graph":[{"@type":"WebPage","@id":"https:\/\/makadama.es\/pt-pt\/termos-e-condicoes-de-venda\/","url":"https:\/\/makadama.es\/pt-pt\/termos-e-condicoes-de-venda\/","name":"Termos e condi\u00e7\u00f5es de venda - Maka Dama","isPartOf":{"@id":"https:\/\/makadama.es\/pt-pt\/#website"},"primaryImageOfPage":{"@id":"https:\/\/makadama.es\/pt-pt\/termos-e-condicoes-de-venda\/#primaryimage"},"image":{"@id":"https:\/\/makadama.es\/pt-pt\/termos-e-condicoes-de-venda\/#primaryimage"},"thumbnailUrl":"https:\/\/makadama.es\/wp-content\/uploads\/2023\/09\/duna_destacada-min.jpg","datePublished":"2023-08-14T04:20:22+00:00","dateModified":"2023-11-13T06:31:14+00:00","description":"Termos e condi\u00e7\u00f5es de venda da joalharia online Maka Dama (makadama.es). Envios para Espanha e Uni\u00e3o Europeia.","breadcrumb":{"@id":"https:\/\/makadama.es\/pt-pt\/termos-e-condicoes-de-venda\/#breadcrumb"},"inLanguage":"pt-PT","potentialAction":[{"@type":"ReadAction","target":["https:\/\/makadama.es\/pt-pt\/termos-e-condicoes-de-venda\/"]}]},{"@type":"ImageObject","inLanguage":"pt-PT","@id":"https:\/\/makadama.es\/pt-pt\/termos-e-condicoes-de-venda\/#primaryimage","url":"https:\/\/makadama.es\/wp-content\/uploads\/2023\/09\/duna_destacada-min.jpg","contentUrl":"https:\/\/makadama.es\/wp-content\/uploads\/2023\/09\/duna_destacada-min.jpg","width":600,"height":900},{"@type":"BreadcrumbList","@id":"https:\/\/makadama.es\/pt-pt\/termos-e-condicoes-de-venda\/#breadcrumb","itemListElement":[{"@type":"ListItem","position":1,"name":"Portada","item":"https:\/\/makadama.es\/pt-pt\/"},{"@type":"ListItem","position":2,"name":"Termos e condi\u00e7\u00f5es de venda"}]},{"@type":"WebSite","@id":"https:\/\/makadama.es\/pt-pt\/#website","url":"https:\/\/makadama.es\/pt-pt\/","name":"Maka Dama","description":"","publisher":{"@id":"https:\/\/makadama.es\/pt-pt\/#organization"},"potentialAction":[{"@type":"SearchAction","target":{"@type":"EntryPoint","urlTemplate":"https:\/\/makadama.es\/pt-pt\/?s={search_term_string}"},"query-input":{"@type":"PropertyValueSpecification","valueRequired":true,"valueName":"search_term_string"}}],"inLanguage":"pt-PT"},{"@type":"Organization","@id":"https:\/\/makadama.es\/pt-pt\/#organization","name":"Maka Dama","url":"https:\/\/makadama.es\/pt-pt\/","logo":{"@type":"ImageObject","inLanguage":"pt-PT","@id":"https:\/\/makadama.es\/pt-pt\/#\/schema\/logo\/image\/","url":"https:\/\/makadama.es\/wp-content\/uploads\/2023\/08\/cropped-logo-2.png","contentUrl":"https:\/\/makadama.es\/wp-content\/uploads\/2023\/08\/cropped-logo-2.png","width":250,"height":47,"caption":"Maka Dama"},"image":{"@id":"https:\/\/makadama.es\/pt-pt\/#\/schema\/logo\/image\/"}}]}},"_links":{"self":[{"href":"https:\/\/makadama.es\/pt-pt\/wp-json\/wp\/v2\/pages\/11377","targetHints":{"allow":["GET"]}}],"collection":[{"href":"https:\/\/makadama.es\/pt-pt\/wp-json\/wp\/v2\/pages"}],"about":[{"href":"https:\/\/makadama.es\/pt-pt\/wp-json\/wp\/v2\/types\/page"}],"author":[{"embeddable":true,"href":"https:\/\/makadama.es\/pt-pt\/wp-json\/wp\/v2\/users\/1"}],"replies":[{"embeddable":true,"href":"https:\/\/makadama.es\/pt-pt\/wp-json\/wp\/v2\/comments?post=11377"}],"version-history":[{"count":0,"href":"https:\/\/makadama.es\/pt-pt\/wp-json\/wp\/v2\/pages\/11377\/revisions"}],"wp:featuredmedia":[{"embeddable":true,"href":"https:\/\/makadama.es\/pt-pt\/wp-json\/wp\/v2\/media\/9694"}],"wp:attachment":[{"href":"https:\/\/makadama.es\/pt-pt\/wp-json\/wp\/v2\/media?parent=11377"}],"curies":[{"name":"wp","href":"https:\/\/api.w.org\/{rel}","templated":true}]}}