{"id":10310,"date":"2021-06-14T18:00:18","date_gmt":"2021-06-14T16:00:18","guid":{"rendered":"https:\/\/makadama.es\/producto\/coret-pendente-02\/"},"modified":"2024-11-26T07:02:36","modified_gmt":"2024-11-26T06:02:36","slug":"coret-pendente-02","status":"publish","type":"product","link":"https:\/\/makadama.es\/pt-pt\/producto\/coret-pendente-02\/","title":{"rendered":"Coret: Pendente"},"content":{"rendered":"<p>Viva o amor! Esta frase alegre e cheia de significado \u00e9 o que define e inspira Coret. Cora\u00e7\u00f5es irregulares, ligados entre si, formam uma bela sequ\u00eancia de pe\u00e7as que apaixona quem os usa.<\/p>\n<ul>\n<li>Pe\u00e7a inteiramente fabricada em Espanha.<\/li>\n<li>As j\u00f3ias s\u00e3o feitas \u00e0 m\u00e3o individualmente, pelo que podem apresentar ligeiras diferen\u00e7as.<\/li>\n<li>Desenho pr\u00f3prio: Marieta Pijoan.<\/li>\n<\/ul>\n","protected":false},"excerpt":{"rendered":"<p>Brincos compridos compostos por v\u00e1rias pe\u00e7as m\u00f3veis. Desenho de cora\u00e7\u00f5es irregulares, ligados entre si. Fecho de gancho.<\/p>\n","protected":false},"featured_media":7975,"template":"","meta":[],"product_brand":[],"product_cat":[139],"product_tag":[],"class_list":{"0":"post-10310","1":"product","2":"type-product","3":"status-publish","4":"has-post-thumbnail","6":"product_cat-coret-pt-pt","7":"pa_tipo-pendientes-pt-pt","9":"first","10":"instock","11":"taxable","12":"shipping-taxable","13":"purchasable","14":"product-type-variable","15":"has-default-attributes"},"yoast_head":"<!-- This site is optimized with the Yoast SEO plugin v27.3 - https:\/\/yoast.com\/product\/yoast-seo-wordpress\/ -->\n<title>Coret: Pendente - Maka Dama<\/title>\n<meta name=\"description\" content=\"Brincos compridos compostos por v\u00e1rias pe\u00e7as m\u00f3veis. Desenho de cora\u00e7\u00f5es irregulares, ligados entre si. Fecho de gancho.\" \/>\n<meta name=\"robots\" content=\"index, follow, max-snippet:-1, max-image-preview:large, max-video-preview:-1\" \/>\n<link rel=\"canonical\" href=\"https:\/\/makadama.es\/pt-pt\/producto\/coret-pendente-02\/\" \/>\n<meta property=\"og:locale\" content=\"pt_PT\" \/>\n<meta property=\"og:type\" content=\"article\" \/>\n<meta property=\"og:title\" content=\"Coret: Pendente - Maka Dama\" \/>\n<meta property=\"og:description\" content=\"Brincos compridos compostos por v\u00e1rias pe\u00e7as m\u00f3veis. Desenho de cora\u00e7\u00f5es irregulares, ligados entre si. Fecho de gancho.\" \/>\n<meta property=\"og:url\" content=\"https:\/\/makadama.es\/pt-pt\/producto\/coret-pendente-02\/\" \/>\n<meta property=\"og:site_name\" content=\"Maka Dama\" \/>\n<meta property=\"article:modified_time\" content=\"2024-11-26T06:02:36+00:00\" \/>\n<meta property=\"og:image\" content=\"https:\/\/makadama.es\/wp-content\/uploads\/2023\/08\/corpen02-_-destacada-min.jpg\" \/>\n\t<meta property=\"og:image:width\" content=\"960\" \/>\n\t<meta property=\"og:image:height\" content=\"960\" \/>\n\t<meta property=\"og:image:type\" content=\"image\/jpeg\" \/>\n<meta name=\"twitter:card\" content=\"summary_large_image\" \/>\n<script type=\"application\/ld+json\" class=\"yoast-schema-graph\">{\"@context\":\"https:\\\/\\\/schema.org\",\"@graph\":[{\"@type\":\"WebPage\",\"@id\":\"https:\\\/\\\/makadama.es\\\/pt-pt\\\/producto\\\/coret-pendente-02\\\/\",\"url\":\"https:\\\/\\\/makadama.es\\\/pt-pt\\\/producto\\\/coret-pendente-02\\\/\",\"name\":\"Coret: Pendente - Maka Dama\",\"isPartOf\":{\"@id\":\"https:\\\/\\\/makadama.es\\\/pt-pt\\\/#website\"},\"primaryImageOfPage\":{\"@id\":\"https:\\\/\\\/makadama.es\\\/pt-pt\\\/producto\\\/coret-pendente-02\\\/#primaryimage\"},\"image\":{\"@id\":\"https:\\\/\\\/makadama.es\\\/pt-pt\\\/producto\\\/coret-pendente-02\\\/#primaryimage\"},\"thumbnailUrl\":\"https:\\\/\\\/makadama.es\\\/wp-content\\\/uploads\\\/2023\\\/08\\\/corpen02-_-destacada-min.jpg\",\"datePublished\":\"2021-06-14T16:00:18+00:00\",\"dateModified\":\"2024-11-26T06:02:36+00:00\",\"description\":\"Brincos compridos compostos por v\u00e1rias pe\u00e7as m\u00f3veis. Desenho de cora\u00e7\u00f5es irregulares, ligados entre si. Fecho de gancho.\",\"breadcrumb\":{\"@id\":\"https:\\\/\\\/makadama.es\\\/pt-pt\\\/producto\\\/coret-pendente-02\\\/#breadcrumb\"},\"inLanguage\":\"pt-PT\",\"potentialAction\":[{\"@type\":\"ReadAction\",\"target\":[\"https:\\\/\\\/makadama.es\\\/pt-pt\\\/producto\\\/coret-pendente-02\\\/\"]}]},{\"@type\":\"ImageObject\",\"inLanguage\":\"pt-PT\",\"@id\":\"https:\\\/\\\/makadama.es\\\/pt-pt\\\/producto\\\/coret-pendente-02\\\/#primaryimage\",\"url\":\"https:\\\/\\\/makadama.es\\\/wp-content\\\/uploads\\\/2023\\\/08\\\/corpen02-_-destacada-min.jpg\",\"contentUrl\":\"https:\\\/\\\/makadama.es\\\/wp-content\\\/uploads\\\/2023\\\/08\\\/corpen02-_-destacada-min.jpg\",\"width\":960,\"height\":960,\"caption\":\"Coret Pendente\"},{\"@type\":\"BreadcrumbList\",\"@id\":\"https:\\\/\\\/makadama.es\\\/pt-pt\\\/producto\\\/coret-pendente-02\\\/#breadcrumb\",\"itemListElement\":[{\"@type\":\"ListItem\",\"position\":1,\"name\":\"Portada\",\"item\":\"https:\\\/\\\/makadama.es\\\/pt-pt\\\/\"},{\"@type\":\"ListItem\",\"position\":2,\"name\":\"Tienda\",\"item\":\"https:\\\/\\\/makadama.es\\\/pt-pt\\\/tienda-2\\\/\"},{\"@type\":\"ListItem\",\"position\":3,\"name\":\"Coret: Pendente\"}]},{\"@type\":\"WebSite\",\"@id\":\"https:\\\/\\\/makadama.es\\\/pt-pt\\\/#website\",\"url\":\"https:\\\/\\\/makadama.es\\\/pt-pt\\\/\",\"name\":\"Maka Dama\",\"description\":\"\",\"publisher\":{\"@id\":\"https:\\\/\\\/makadama.es\\\/pt-pt\\\/#organization\"},\"potentialAction\":[{\"@type\":\"SearchAction\",\"target\":{\"@type\":\"EntryPoint\",\"urlTemplate\":\"https:\\\/\\\/makadama.es\\\/pt-pt\\\/?s={search_term_string}\"},\"query-input\":{\"@type\":\"PropertyValueSpecification\",\"valueRequired\":true,\"valueName\":\"search_term_string\"}}],\"inLanguage\":\"pt-PT\"},{\"@type\":\"Organization\",\"@id\":\"https:\\\/\\\/makadama.es\\\/pt-pt\\\/#organization\",\"name\":\"Maka Dama\",\"url\":\"https:\\\/\\\/makadama.es\\\/pt-pt\\\/\",\"logo\":{\"@type\":\"ImageObject\",\"inLanguage\":\"pt-PT\",\"@id\":\"https:\\\/\\\/makadama.es\\\/pt-pt\\\/#\\\/schema\\\/logo\\\/image\\\/\",\"url\":\"https:\\\/\\\/makadama.es\\\/wp-content\\\/uploads\\\/2023\\\/08\\\/cropped-logo-2.png\",\"contentUrl\":\"https:\\\/\\\/makadama.es\\\/wp-content\\\/uploads\\\/2023\\\/08\\\/cropped-logo-2.png\",\"width\":250,\"height\":47,\"caption\":\"Maka Dama\"},\"image\":{\"@id\":\"https:\\\/\\\/makadama.es\\\/pt-pt\\\/#\\\/schema\\\/logo\\\/image\\\/\"}}]}<\/script>\n<!-- \/ Yoast SEO plugin. -->","yoast_head_json":{"title":"Coret: Pendente - Maka Dama","description":"Brincos compridos compostos por v\u00e1rias pe\u00e7as m\u00f3veis. Desenho de cora\u00e7\u00f5es irregulares, ligados entre si. Fecho de gancho.","robots":{"index":"index","follow":"follow","max-snippet":"max-snippet:-1","max-image-preview":"max-image-preview:large","max-video-preview":"max-video-preview:-1"},"canonical":"https:\/\/makadama.es\/pt-pt\/producto\/coret-pendente-02\/","og_locale":"pt_PT","og_type":"article","og_title":"Coret: Pendente - Maka Dama","og_description":"Brincos compridos compostos por v\u00e1rias pe\u00e7as m\u00f3veis. Desenho de cora\u00e7\u00f5es irregulares, ligados entre si. Fecho de gancho.","og_url":"https:\/\/makadama.es\/pt-pt\/producto\/coret-pendente-02\/","og_site_name":"Maka Dama","article_modified_time":"2024-11-26T06:02:36+00:00","og_image":[{"width":960,"height":960,"url":"https:\/\/makadama.es\/wp-content\/uploads\/2023\/08\/corpen02-_-destacada-min.jpg","type":"image\/jpeg"}],"twitter_card":"summary_large_image","schema":{"@context":"https:\/\/schema.org","@graph":[{"@type":"WebPage","@id":"https:\/\/makadama.es\/pt-pt\/producto\/coret-pendente-02\/","url":"https:\/\/makadama.es\/pt-pt\/producto\/coret-pendente-02\/","name":"Coret: Pendente - Maka Dama","isPartOf":{"@id":"https:\/\/makadama.es\/pt-pt\/#website"},"primaryImageOfPage":{"@id":"https:\/\/makadama.es\/pt-pt\/producto\/coret-pendente-02\/#primaryimage"},"image":{"@id":"https:\/\/makadama.es\/pt-pt\/producto\/coret-pendente-02\/#primaryimage"},"thumbnailUrl":"https:\/\/makadama.es\/wp-content\/uploads\/2023\/08\/corpen02-_-destacada-min.jpg","datePublished":"2021-06-14T16:00:18+00:00","dateModified":"2024-11-26T06:02:36+00:00","description":"Brincos compridos compostos por v\u00e1rias pe\u00e7as m\u00f3veis. Desenho de cora\u00e7\u00f5es irregulares, ligados entre si. Fecho de gancho.","breadcrumb":{"@id":"https:\/\/makadama.es\/pt-pt\/producto\/coret-pendente-02\/#breadcrumb"},"inLanguage":"pt-PT","potentialAction":[{"@type":"ReadAction","target":["https:\/\/makadama.es\/pt-pt\/producto\/coret-pendente-02\/"]}]},{"@type":"ImageObject","inLanguage":"pt-PT","@id":"https:\/\/makadama.es\/pt-pt\/producto\/coret-pendente-02\/#primaryimage","url":"https:\/\/makadama.es\/wp-content\/uploads\/2023\/08\/corpen02-_-destacada-min.jpg","contentUrl":"https:\/\/makadama.es\/wp-content\/uploads\/2023\/08\/corpen02-_-destacada-min.jpg","width":960,"height":960,"caption":"Coret Pendente"},{"@type":"BreadcrumbList","@id":"https:\/\/makadama.es\/pt-pt\/producto\/coret-pendente-02\/#breadcrumb","itemListElement":[{"@type":"ListItem","position":1,"name":"Portada","item":"https:\/\/makadama.es\/pt-pt\/"},{"@type":"ListItem","position":2,"name":"Tienda","item":"https:\/\/makadama.es\/pt-pt\/tienda-2\/"},{"@type":"ListItem","position":3,"name":"Coret: Pendente"}]},{"@type":"WebSite","@id":"https:\/\/makadama.es\/pt-pt\/#website","url":"https:\/\/makadama.es\/pt-pt\/","name":"Maka Dama","description":"","publisher":{"@id":"https:\/\/makadama.es\/pt-pt\/#organization"},"potentialAction":[{"@type":"SearchAction","target":{"@type":"EntryPoint","urlTemplate":"https:\/\/makadama.es\/pt-pt\/?s={search_term_string}"},"query-input":{"@type":"PropertyValueSpecification","valueRequired":true,"valueName":"search_term_string"}}],"inLanguage":"pt-PT"},{"@type":"Organization","@id":"https:\/\/makadama.es\/pt-pt\/#organization","name":"Maka Dama","url":"https:\/\/makadama.es\/pt-pt\/","logo":{"@type":"ImageObject","inLanguage":"pt-PT","@id":"https:\/\/makadama.es\/pt-pt\/#\/schema\/logo\/image\/","url":"https:\/\/makadama.es\/wp-content\/uploads\/2023\/08\/cropped-logo-2.png","contentUrl":"https:\/\/makadama.es\/wp-content\/uploads\/2023\/08\/cropped-logo-2.png","width":250,"height":47,"caption":"Maka Dama"},"image":{"@id":"https:\/\/makadama.es\/pt-pt\/#\/schema\/logo\/image\/"}}]}},"_links":{"self":[{"href":"https:\/\/makadama.es\/pt-pt\/wp-json\/wp\/v2\/product\/10310","targetHints":{"allow":["GET"]}}],"collection":[{"href":"https:\/\/makadama.es\/pt-pt\/wp-json\/wp\/v2\/product"}],"about":[{"href":"https:\/\/makadama.es\/pt-pt\/wp-json\/wp\/v2\/types\/product"}],"wp:featuredmedia":[{"embeddable":true,"href":"https:\/\/makadama.es\/pt-pt\/wp-json\/wp\/v2\/media\/7975"}],"wp:attachment":[{"href":"https:\/\/makadama.es\/pt-pt\/wp-json\/wp\/v2\/media?parent=10310"}],"wp:term":[{"taxonomy":"product_brand","embeddable":true,"href":"https:\/\/makadama.es\/pt-pt\/wp-json\/wp\/v2\/product_brand?post=10310"},{"taxonomy":"product_cat","embeddable":true,"href":"https:\/\/makadama.es\/pt-pt\/wp-json\/wp\/v2\/product_cat?post=10310"},{"taxonomy":"product_tag","embeddable":true,"href":"https:\/\/makadama.es\/pt-pt\/wp-json\/wp\/v2\/product_tag?post=10310"}],"curies":[{"name":"wp","href":"https:\/\/api.w.org\/{rel}","templated":true}]}}