{"id":10624,"date":"2019-02-14T17:00:43","date_gmt":"2019-02-14T16:00:43","guid":{"rendered":"https:\/\/makadama.es\/producto\/escala-pendente-02\/"},"modified":"2024-11-25T13:07:32","modified_gmt":"2024-11-25T12:07:32","slug":"escala-pendente-02","status":"publish","type":"product","link":"https:\/\/makadama.es\/pt-pt\/producto\/escala-pendente-02\/","title":{"rendered":"Escala: Pendente"},"content":{"rendered":"<p>Para subir o mais alto poss\u00edvel \u00e9 preciso subir, subir e subir, mas n\u00e3o nos podemos esquecer que o mais interessante \u00e9 desfrutar e aprender durante esta viagem.<\/p>\n<p>&nbsp;<\/p>\n<ul>\n<li>Pe\u00e7a inteiramente fabricada em Espanha.<\/li>\n<li>As j\u00f3ias s\u00e3o feitas \u00e0 m\u00e3o individualmente, pelo que podem existir ligeiras diferen\u00e7as.<\/li>\n<li>Conce\u00e7\u00e3o pr\u00f3pria: Aleix Guill\u00e9n.<\/li>\n<\/ul>\n","protected":false},"excerpt":{"rendered":"<p>Brinco de argola pequeno. Design inspirado numa escada. Fecho de press\u00e3o. Design r\u00edgido.<\/p>\n","protected":false},"featured_media":8468,"template":"","meta":[],"product_brand":[],"product_cat":[156],"product_tag":[],"class_list":{"0":"post-10624","1":"product","2":"type-product","3":"status-publish","4":"has-post-thumbnail","6":"product_cat-escala-pt-pt","7":"pa_tipo-pendientes-pt-pt","9":"first","10":"instock","11":"taxable","12":"shipping-taxable","13":"purchasable","14":"product-type-variable","15":"has-default-attributes"},"yoast_head":"<!-- This site is optimized with the Yoast SEO plugin v27.3 - https:\/\/yoast.com\/product\/yoast-seo-wordpress\/ -->\n<title>Escala: Pendente - Maka Dama<\/title>\n<meta name=\"description\" content=\"Brinco de argola pequeno. Design inspirado numa escada. Fecho de press\u00e3o. Design r\u00edgido.\" \/>\n<meta name=\"robots\" content=\"index, follow, max-snippet:-1, max-image-preview:large, max-video-preview:-1\" \/>\n<link rel=\"canonical\" href=\"https:\/\/makadama.es\/pt-pt\/producto\/escala-pendente-02\/\" \/>\n<meta property=\"og:locale\" content=\"pt_PT\" \/>\n<meta property=\"og:type\" content=\"article\" \/>\n<meta property=\"og:title\" content=\"Escala: Pendente - Maka Dama\" \/>\n<meta property=\"og:description\" content=\"Brinco de argola pequeno. Design inspirado numa escada. Fecho de press\u00e3o. Design r\u00edgido.\" \/>\n<meta property=\"og:url\" content=\"https:\/\/makadama.es\/pt-pt\/producto\/escala-pendente-02\/\" \/>\n<meta property=\"og:site_name\" content=\"Maka Dama\" \/>\n<meta property=\"article:modified_time\" content=\"2024-11-25T12:07:32+00:00\" \/>\n<meta property=\"og:image\" content=\"https:\/\/makadama.es\/wp-content\/uploads\/2023\/08\/escpen03-_-variacion-1-min.jpg\" \/>\n\t<meta property=\"og:image:width\" content=\"960\" \/>\n\t<meta property=\"og:image:height\" content=\"960\" \/>\n\t<meta property=\"og:image:type\" content=\"image\/jpeg\" \/>\n<meta name=\"twitter:card\" content=\"summary_large_image\" \/>\n<script type=\"application\/ld+json\" class=\"yoast-schema-graph\">{\"@context\":\"https:\\\/\\\/schema.org\",\"@graph\":[{\"@type\":\"WebPage\",\"@id\":\"https:\\\/\\\/makadama.es\\\/pt-pt\\\/producto\\\/escala-pendente-02\\\/\",\"url\":\"https:\\\/\\\/makadama.es\\\/pt-pt\\\/producto\\\/escala-pendente-02\\\/\",\"name\":\"Escala: Pendente - Maka Dama\",\"isPartOf\":{\"@id\":\"https:\\\/\\\/makadama.es\\\/pt-pt\\\/#website\"},\"primaryImageOfPage\":{\"@id\":\"https:\\\/\\\/makadama.es\\\/pt-pt\\\/producto\\\/escala-pendente-02\\\/#primaryimage\"},\"image\":{\"@id\":\"https:\\\/\\\/makadama.es\\\/pt-pt\\\/producto\\\/escala-pendente-02\\\/#primaryimage\"},\"thumbnailUrl\":\"https:\\\/\\\/makadama.es\\\/wp-content\\\/uploads\\\/2023\\\/08\\\/escpen03-_-variacion-1-min.jpg\",\"datePublished\":\"2019-02-14T16:00:43+00:00\",\"dateModified\":\"2024-11-25T12:07:32+00:00\",\"description\":\"Brinco de argola pequeno. Design inspirado numa escada. Fecho de press\u00e3o. Design r\u00edgido.\",\"breadcrumb\":{\"@id\":\"https:\\\/\\\/makadama.es\\\/pt-pt\\\/producto\\\/escala-pendente-02\\\/#breadcrumb\"},\"inLanguage\":\"pt-PT\",\"potentialAction\":[{\"@type\":\"ReadAction\",\"target\":[\"https:\\\/\\\/makadama.es\\\/pt-pt\\\/producto\\\/escala-pendente-02\\\/\"]}]},{\"@type\":\"ImageObject\",\"inLanguage\":\"pt-PT\",\"@id\":\"https:\\\/\\\/makadama.es\\\/pt-pt\\\/producto\\\/escala-pendente-02\\\/#primaryimage\",\"url\":\"https:\\\/\\\/makadama.es\\\/wp-content\\\/uploads\\\/2023\\\/08\\\/escpen03-_-variacion-1-min.jpg\",\"contentUrl\":\"https:\\\/\\\/makadama.es\\\/wp-content\\\/uploads\\\/2023\\\/08\\\/escpen03-_-variacion-1-min.jpg\",\"width\":960,\"height\":960,\"caption\":\"Escala Pendente\"},{\"@type\":\"BreadcrumbList\",\"@id\":\"https:\\\/\\\/makadama.es\\\/pt-pt\\\/producto\\\/escala-pendente-02\\\/#breadcrumb\",\"itemListElement\":[{\"@type\":\"ListItem\",\"position\":1,\"name\":\"Portada\",\"item\":\"https:\\\/\\\/makadama.es\\\/pt-pt\\\/\"},{\"@type\":\"ListItem\",\"position\":2,\"name\":\"Tienda\",\"item\":\"https:\\\/\\\/makadama.es\\\/pt-pt\\\/tienda-2\\\/\"},{\"@type\":\"ListItem\",\"position\":3,\"name\":\"Escala: Pendente\"}]},{\"@type\":\"WebSite\",\"@id\":\"https:\\\/\\\/makadama.es\\\/pt-pt\\\/#website\",\"url\":\"https:\\\/\\\/makadama.es\\\/pt-pt\\\/\",\"name\":\"Maka Dama\",\"description\":\"\",\"publisher\":{\"@id\":\"https:\\\/\\\/makadama.es\\\/pt-pt\\\/#organization\"},\"potentialAction\":[{\"@type\":\"SearchAction\",\"target\":{\"@type\":\"EntryPoint\",\"urlTemplate\":\"https:\\\/\\\/makadama.es\\\/pt-pt\\\/?s={search_term_string}\"},\"query-input\":{\"@type\":\"PropertyValueSpecification\",\"valueRequired\":true,\"valueName\":\"search_term_string\"}}],\"inLanguage\":\"pt-PT\"},{\"@type\":\"Organization\",\"@id\":\"https:\\\/\\\/makadama.es\\\/pt-pt\\\/#organization\",\"name\":\"Maka Dama\",\"url\":\"https:\\\/\\\/makadama.es\\\/pt-pt\\\/\",\"logo\":{\"@type\":\"ImageObject\",\"inLanguage\":\"pt-PT\",\"@id\":\"https:\\\/\\\/makadama.es\\\/pt-pt\\\/#\\\/schema\\\/logo\\\/image\\\/\",\"url\":\"https:\\\/\\\/makadama.es\\\/wp-content\\\/uploads\\\/2023\\\/08\\\/cropped-logo-2.png\",\"contentUrl\":\"https:\\\/\\\/makadama.es\\\/wp-content\\\/uploads\\\/2023\\\/08\\\/cropped-logo-2.png\",\"width\":250,\"height\":47,\"caption\":\"Maka Dama\"},\"image\":{\"@id\":\"https:\\\/\\\/makadama.es\\\/pt-pt\\\/#\\\/schema\\\/logo\\\/image\\\/\"}}]}<\/script>\n<!-- \/ Yoast SEO plugin. -->","yoast_head_json":{"title":"Escala: Pendente - Maka Dama","description":"Brinco de argola pequeno. Design inspirado numa escada. Fecho de press\u00e3o. Design r\u00edgido.","robots":{"index":"index","follow":"follow","max-snippet":"max-snippet:-1","max-image-preview":"max-image-preview:large","max-video-preview":"max-video-preview:-1"},"canonical":"https:\/\/makadama.es\/pt-pt\/producto\/escala-pendente-02\/","og_locale":"pt_PT","og_type":"article","og_title":"Escala: Pendente - Maka Dama","og_description":"Brinco de argola pequeno. Design inspirado numa escada. Fecho de press\u00e3o. Design r\u00edgido.","og_url":"https:\/\/makadama.es\/pt-pt\/producto\/escala-pendente-02\/","og_site_name":"Maka Dama","article_modified_time":"2024-11-25T12:07:32+00:00","og_image":[{"width":960,"height":960,"url":"https:\/\/makadama.es\/wp-content\/uploads\/2023\/08\/escpen03-_-variacion-1-min.jpg","type":"image\/jpeg"}],"twitter_card":"summary_large_image","schema":{"@context":"https:\/\/schema.org","@graph":[{"@type":"WebPage","@id":"https:\/\/makadama.es\/pt-pt\/producto\/escala-pendente-02\/","url":"https:\/\/makadama.es\/pt-pt\/producto\/escala-pendente-02\/","name":"Escala: Pendente - Maka Dama","isPartOf":{"@id":"https:\/\/makadama.es\/pt-pt\/#website"},"primaryImageOfPage":{"@id":"https:\/\/makadama.es\/pt-pt\/producto\/escala-pendente-02\/#primaryimage"},"image":{"@id":"https:\/\/makadama.es\/pt-pt\/producto\/escala-pendente-02\/#primaryimage"},"thumbnailUrl":"https:\/\/makadama.es\/wp-content\/uploads\/2023\/08\/escpen03-_-variacion-1-min.jpg","datePublished":"2019-02-14T16:00:43+00:00","dateModified":"2024-11-25T12:07:32+00:00","description":"Brinco de argola pequeno. Design inspirado numa escada. Fecho de press\u00e3o. Design r\u00edgido.","breadcrumb":{"@id":"https:\/\/makadama.es\/pt-pt\/producto\/escala-pendente-02\/#breadcrumb"},"inLanguage":"pt-PT","potentialAction":[{"@type":"ReadAction","target":["https:\/\/makadama.es\/pt-pt\/producto\/escala-pendente-02\/"]}]},{"@type":"ImageObject","inLanguage":"pt-PT","@id":"https:\/\/makadama.es\/pt-pt\/producto\/escala-pendente-02\/#primaryimage","url":"https:\/\/makadama.es\/wp-content\/uploads\/2023\/08\/escpen03-_-variacion-1-min.jpg","contentUrl":"https:\/\/makadama.es\/wp-content\/uploads\/2023\/08\/escpen03-_-variacion-1-min.jpg","width":960,"height":960,"caption":"Escala Pendente"},{"@type":"BreadcrumbList","@id":"https:\/\/makadama.es\/pt-pt\/producto\/escala-pendente-02\/#breadcrumb","itemListElement":[{"@type":"ListItem","position":1,"name":"Portada","item":"https:\/\/makadama.es\/pt-pt\/"},{"@type":"ListItem","position":2,"name":"Tienda","item":"https:\/\/makadama.es\/pt-pt\/tienda-2\/"},{"@type":"ListItem","position":3,"name":"Escala: Pendente"}]},{"@type":"WebSite","@id":"https:\/\/makadama.es\/pt-pt\/#website","url":"https:\/\/makadama.es\/pt-pt\/","name":"Maka Dama","description":"","publisher":{"@id":"https:\/\/makadama.es\/pt-pt\/#organization"},"potentialAction":[{"@type":"SearchAction","target":{"@type":"EntryPoint","urlTemplate":"https:\/\/makadama.es\/pt-pt\/?s={search_term_string}"},"query-input":{"@type":"PropertyValueSpecification","valueRequired":true,"valueName":"search_term_string"}}],"inLanguage":"pt-PT"},{"@type":"Organization","@id":"https:\/\/makadama.es\/pt-pt\/#organization","name":"Maka Dama","url":"https:\/\/makadama.es\/pt-pt\/","logo":{"@type":"ImageObject","inLanguage":"pt-PT","@id":"https:\/\/makadama.es\/pt-pt\/#\/schema\/logo\/image\/","url":"https:\/\/makadama.es\/wp-content\/uploads\/2023\/08\/cropped-logo-2.png","contentUrl":"https:\/\/makadama.es\/wp-content\/uploads\/2023\/08\/cropped-logo-2.png","width":250,"height":47,"caption":"Maka Dama"},"image":{"@id":"https:\/\/makadama.es\/pt-pt\/#\/schema\/logo\/image\/"}}]}},"_links":{"self":[{"href":"https:\/\/makadama.es\/pt-pt\/wp-json\/wp\/v2\/product\/10624","targetHints":{"allow":["GET"]}}],"collection":[{"href":"https:\/\/makadama.es\/pt-pt\/wp-json\/wp\/v2\/product"}],"about":[{"href":"https:\/\/makadama.es\/pt-pt\/wp-json\/wp\/v2\/types\/product"}],"wp:featuredmedia":[{"embeddable":true,"href":"https:\/\/makadama.es\/pt-pt\/wp-json\/wp\/v2\/media\/8468"}],"wp:attachment":[{"href":"https:\/\/makadama.es\/pt-pt\/wp-json\/wp\/v2\/media?parent=10624"}],"wp:term":[{"taxonomy":"product_brand","embeddable":true,"href":"https:\/\/makadama.es\/pt-pt\/wp-json\/wp\/v2\/product_brand?post=10624"},{"taxonomy":"product_cat","embeddable":true,"href":"https:\/\/makadama.es\/pt-pt\/wp-json\/wp\/v2\/product_cat?post=10624"},{"taxonomy":"product_tag","embeddable":true,"href":"https:\/\/makadama.es\/pt-pt\/wp-json\/wp\/v2\/product_tag?post=10624"}],"curies":[{"name":"wp","href":"https:\/\/api.w.org\/{rel}","templated":true}]}}