{"id":11017,"date":"2017-07-02T21:00:38","date_gmt":"2017-07-02T19:00:38","guid":{"rendered":"https:\/\/makadama.es\/producto\/tribasiks-anel\/"},"modified":"2024-11-22T09:03:01","modified_gmt":"2024-11-22T08:03:01","slug":"tribasiks-anel","status":"publish","type":"product","link":"https:\/\/makadama.es\/pt-pt\/producto\/tribasiks-anel\/","title":{"rendered":"Tribasiks: Anel"},"content":{"rendered":"<p>Tribasiks \u00e9 a nossa linha mais intemporal, super us\u00e1vel e combin\u00e1vel.<\/p>\n<ul>\n<li>Pe\u00e7a fabricada inteiramente em Espanha.<\/li>\n<li>As j\u00f3ias s\u00e3o feitas \u00e0 m\u00e3o individualmente, pelo que podem apresentar ligeiras diferen\u00e7as.<\/li>\n<li>Desenho pr\u00f3prio: Aleix Guill\u00e9n.<\/li>\n<\/ul>\n","protected":false},"excerpt":{"rendered":"<p>Anel de tamanho ajust\u00e1vel (n\u00e3o aperta quando cruzado). Super us\u00e1vel e combin\u00e1vel, design intemporal.<\/p>\n","protected":false},"featured_media":9392,"template":"","meta":[],"product_brand":[],"product_cat":[120],"product_tag":[],"class_list":{"0":"post-11017","1":"product","2":"type-product","3":"status-publish","4":"has-post-thumbnail","6":"product_cat-tribasiks-pt-pt","7":"pa_tipo-anillos-pt-pt","9":"first","10":"instock","11":"taxable","12":"shipping-taxable","13":"purchasable","14":"product-type-variable","15":"has-default-attributes"},"yoast_head":"<!-- This site is optimized with the Yoast SEO plugin v27.3 - https:\/\/yoast.com\/product\/yoast-seo-wordpress\/ -->\n<title>Tribasiks: Anel - Maka Dama<\/title>\n<meta name=\"description\" content=\"Cole\u00e7\u00e3o Tribasiks. Anel de tamanho ajust\u00e1vel (n\u00e3o aperta quando cruzado). Super us\u00e1vel e combin\u00e1vel, design intemporal.\" \/>\n<meta name=\"robots\" content=\"index, follow, max-snippet:-1, max-image-preview:large, max-video-preview:-1\" \/>\n<link rel=\"canonical\" href=\"https:\/\/makadama.es\/pt-pt\/producto\/tribasiks-anel\/\" \/>\n<meta property=\"og:locale\" content=\"pt_PT\" \/>\n<meta property=\"og:type\" content=\"article\" \/>\n<meta property=\"og:title\" content=\"Tribasiks: Anel - Maka Dama\" \/>\n<meta property=\"og:description\" content=\"Cole\u00e7\u00e3o Tribasiks. Anel de tamanho ajust\u00e1vel (n\u00e3o aperta quando cruzado). Super us\u00e1vel e combin\u00e1vel, design intemporal.\" \/>\n<meta property=\"og:url\" content=\"https:\/\/makadama.es\/pt-pt\/producto\/tribasiks-anel\/\" \/>\n<meta property=\"og:site_name\" content=\"Maka Dama\" \/>\n<meta property=\"article:modified_time\" content=\"2024-11-22T08:03:01+00:00\" \/>\n<meta property=\"og:image\" content=\"https:\/\/makadama.es\/wp-content\/uploads\/2017\/07\/tribasiks_anillo_oro-min.jpeg\" \/>\n\t<meta property=\"og:image:width\" content=\"960\" \/>\n\t<meta property=\"og:image:height\" content=\"960\" \/>\n\t<meta property=\"og:image:type\" content=\"image\/jpeg\" \/>\n<meta name=\"twitter:card\" content=\"summary_large_image\" \/>\n<script type=\"application\/ld+json\" class=\"yoast-schema-graph\">{\"@context\":\"https:\\\/\\\/schema.org\",\"@graph\":[{\"@type\":\"WebPage\",\"@id\":\"https:\\\/\\\/makadama.es\\\/pt-pt\\\/producto\\\/tribasiks-anel\\\/\",\"url\":\"https:\\\/\\\/makadama.es\\\/pt-pt\\\/producto\\\/tribasiks-anel\\\/\",\"name\":\"Tribasiks: Anel - Maka Dama\",\"isPartOf\":{\"@id\":\"https:\\\/\\\/makadama.es\\\/pt-pt\\\/#website\"},\"primaryImageOfPage\":{\"@id\":\"https:\\\/\\\/makadama.es\\\/pt-pt\\\/producto\\\/tribasiks-anel\\\/#primaryimage\"},\"image\":{\"@id\":\"https:\\\/\\\/makadama.es\\\/pt-pt\\\/producto\\\/tribasiks-anel\\\/#primaryimage\"},\"thumbnailUrl\":\"https:\\\/\\\/makadama.es\\\/wp-content\\\/uploads\\\/2017\\\/07\\\/tribasiks_anillo_oro-min.jpeg\",\"datePublished\":\"2017-07-02T19:00:38+00:00\",\"dateModified\":\"2024-11-22T08:03:01+00:00\",\"description\":\"Cole\u00e7\u00e3o Tribasiks. Anel de tamanho ajust\u00e1vel (n\u00e3o aperta quando cruzado). Super us\u00e1vel e combin\u00e1vel, design intemporal.\",\"breadcrumb\":{\"@id\":\"https:\\\/\\\/makadama.es\\\/pt-pt\\\/producto\\\/tribasiks-anel\\\/#breadcrumb\"},\"inLanguage\":\"pt-PT\",\"potentialAction\":[{\"@type\":\"ReadAction\",\"target\":[\"https:\\\/\\\/makadama.es\\\/pt-pt\\\/producto\\\/tribasiks-anel\\\/\"]}]},{\"@type\":\"ImageObject\",\"inLanguage\":\"pt-PT\",\"@id\":\"https:\\\/\\\/makadama.es\\\/pt-pt\\\/producto\\\/tribasiks-anel\\\/#primaryimage\",\"url\":\"https:\\\/\\\/makadama.es\\\/wp-content\\\/uploads\\\/2017\\\/07\\\/tribasiks_anillo_oro-min.jpeg\",\"contentUrl\":\"https:\\\/\\\/makadama.es\\\/wp-content\\\/uploads\\\/2017\\\/07\\\/tribasiks_anillo_oro-min.jpeg\",\"width\":960,\"height\":960,\"caption\":\"Tribasiks Anel\"},{\"@type\":\"BreadcrumbList\",\"@id\":\"https:\\\/\\\/makadama.es\\\/pt-pt\\\/producto\\\/tribasiks-anel\\\/#breadcrumb\",\"itemListElement\":[{\"@type\":\"ListItem\",\"position\":1,\"name\":\"Portada\",\"item\":\"https:\\\/\\\/makadama.es\\\/pt-pt\\\/\"},{\"@type\":\"ListItem\",\"position\":2,\"name\":\"Tienda\",\"item\":\"https:\\\/\\\/makadama.es\\\/pt-pt\\\/tienda-2\\\/\"},{\"@type\":\"ListItem\",\"position\":3,\"name\":\"Tribasiks: Anel\"}]},{\"@type\":\"WebSite\",\"@id\":\"https:\\\/\\\/makadama.es\\\/pt-pt\\\/#website\",\"url\":\"https:\\\/\\\/makadama.es\\\/pt-pt\\\/\",\"name\":\"Maka Dama\",\"description\":\"\",\"publisher\":{\"@id\":\"https:\\\/\\\/makadama.es\\\/pt-pt\\\/#organization\"},\"potentialAction\":[{\"@type\":\"SearchAction\",\"target\":{\"@type\":\"EntryPoint\",\"urlTemplate\":\"https:\\\/\\\/makadama.es\\\/pt-pt\\\/?s={search_term_string}\"},\"query-input\":{\"@type\":\"PropertyValueSpecification\",\"valueRequired\":true,\"valueName\":\"search_term_string\"}}],\"inLanguage\":\"pt-PT\"},{\"@type\":\"Organization\",\"@id\":\"https:\\\/\\\/makadama.es\\\/pt-pt\\\/#organization\",\"name\":\"Maka Dama\",\"url\":\"https:\\\/\\\/makadama.es\\\/pt-pt\\\/\",\"logo\":{\"@type\":\"ImageObject\",\"inLanguage\":\"pt-PT\",\"@id\":\"https:\\\/\\\/makadama.es\\\/pt-pt\\\/#\\\/schema\\\/logo\\\/image\\\/\",\"url\":\"https:\\\/\\\/makadama.es\\\/wp-content\\\/uploads\\\/2023\\\/08\\\/cropped-logo-2.png\",\"contentUrl\":\"https:\\\/\\\/makadama.es\\\/wp-content\\\/uploads\\\/2023\\\/08\\\/cropped-logo-2.png\",\"width\":250,\"height\":47,\"caption\":\"Maka Dama\"},\"image\":{\"@id\":\"https:\\\/\\\/makadama.es\\\/pt-pt\\\/#\\\/schema\\\/logo\\\/image\\\/\"}}]}<\/script>\n<!-- \/ Yoast SEO plugin. -->","yoast_head_json":{"title":"Tribasiks: Anel - Maka Dama","description":"Cole\u00e7\u00e3o Tribasiks. Anel de tamanho ajust\u00e1vel (n\u00e3o aperta quando cruzado). Super us\u00e1vel e combin\u00e1vel, design intemporal.","robots":{"index":"index","follow":"follow","max-snippet":"max-snippet:-1","max-image-preview":"max-image-preview:large","max-video-preview":"max-video-preview:-1"},"canonical":"https:\/\/makadama.es\/pt-pt\/producto\/tribasiks-anel\/","og_locale":"pt_PT","og_type":"article","og_title":"Tribasiks: Anel - Maka Dama","og_description":"Cole\u00e7\u00e3o Tribasiks. Anel de tamanho ajust\u00e1vel (n\u00e3o aperta quando cruzado). Super us\u00e1vel e combin\u00e1vel, design intemporal.","og_url":"https:\/\/makadama.es\/pt-pt\/producto\/tribasiks-anel\/","og_site_name":"Maka Dama","article_modified_time":"2024-11-22T08:03:01+00:00","og_image":[{"width":960,"height":960,"url":"https:\/\/makadama.es\/wp-content\/uploads\/2017\/07\/tribasiks_anillo_oro-min.jpeg","type":"image\/jpeg"}],"twitter_card":"summary_large_image","schema":{"@context":"https:\/\/schema.org","@graph":[{"@type":"WebPage","@id":"https:\/\/makadama.es\/pt-pt\/producto\/tribasiks-anel\/","url":"https:\/\/makadama.es\/pt-pt\/producto\/tribasiks-anel\/","name":"Tribasiks: Anel - Maka Dama","isPartOf":{"@id":"https:\/\/makadama.es\/pt-pt\/#website"},"primaryImageOfPage":{"@id":"https:\/\/makadama.es\/pt-pt\/producto\/tribasiks-anel\/#primaryimage"},"image":{"@id":"https:\/\/makadama.es\/pt-pt\/producto\/tribasiks-anel\/#primaryimage"},"thumbnailUrl":"https:\/\/makadama.es\/wp-content\/uploads\/2017\/07\/tribasiks_anillo_oro-min.jpeg","datePublished":"2017-07-02T19:00:38+00:00","dateModified":"2024-11-22T08:03:01+00:00","description":"Cole\u00e7\u00e3o Tribasiks. Anel de tamanho ajust\u00e1vel (n\u00e3o aperta quando cruzado). Super us\u00e1vel e combin\u00e1vel, design intemporal.","breadcrumb":{"@id":"https:\/\/makadama.es\/pt-pt\/producto\/tribasiks-anel\/#breadcrumb"},"inLanguage":"pt-PT","potentialAction":[{"@type":"ReadAction","target":["https:\/\/makadama.es\/pt-pt\/producto\/tribasiks-anel\/"]}]},{"@type":"ImageObject","inLanguage":"pt-PT","@id":"https:\/\/makadama.es\/pt-pt\/producto\/tribasiks-anel\/#primaryimage","url":"https:\/\/makadama.es\/wp-content\/uploads\/2017\/07\/tribasiks_anillo_oro-min.jpeg","contentUrl":"https:\/\/makadama.es\/wp-content\/uploads\/2017\/07\/tribasiks_anillo_oro-min.jpeg","width":960,"height":960,"caption":"Tribasiks Anel"},{"@type":"BreadcrumbList","@id":"https:\/\/makadama.es\/pt-pt\/producto\/tribasiks-anel\/#breadcrumb","itemListElement":[{"@type":"ListItem","position":1,"name":"Portada","item":"https:\/\/makadama.es\/pt-pt\/"},{"@type":"ListItem","position":2,"name":"Tienda","item":"https:\/\/makadama.es\/pt-pt\/tienda-2\/"},{"@type":"ListItem","position":3,"name":"Tribasiks: Anel"}]},{"@type":"WebSite","@id":"https:\/\/makadama.es\/pt-pt\/#website","url":"https:\/\/makadama.es\/pt-pt\/","name":"Maka Dama","description":"","publisher":{"@id":"https:\/\/makadama.es\/pt-pt\/#organization"},"potentialAction":[{"@type":"SearchAction","target":{"@type":"EntryPoint","urlTemplate":"https:\/\/makadama.es\/pt-pt\/?s={search_term_string}"},"query-input":{"@type":"PropertyValueSpecification","valueRequired":true,"valueName":"search_term_string"}}],"inLanguage":"pt-PT"},{"@type":"Organization","@id":"https:\/\/makadama.es\/pt-pt\/#organization","name":"Maka Dama","url":"https:\/\/makadama.es\/pt-pt\/","logo":{"@type":"ImageObject","inLanguage":"pt-PT","@id":"https:\/\/makadama.es\/pt-pt\/#\/schema\/logo\/image\/","url":"https:\/\/makadama.es\/wp-content\/uploads\/2023\/08\/cropped-logo-2.png","contentUrl":"https:\/\/makadama.es\/wp-content\/uploads\/2023\/08\/cropped-logo-2.png","width":250,"height":47,"caption":"Maka Dama"},"image":{"@id":"https:\/\/makadama.es\/pt-pt\/#\/schema\/logo\/image\/"}}]}},"_links":{"self":[{"href":"https:\/\/makadama.es\/pt-pt\/wp-json\/wp\/v2\/product\/11017","targetHints":{"allow":["GET"]}}],"collection":[{"href":"https:\/\/makadama.es\/pt-pt\/wp-json\/wp\/v2\/product"}],"about":[{"href":"https:\/\/makadama.es\/pt-pt\/wp-json\/wp\/v2\/types\/product"}],"wp:featuredmedia":[{"embeddable":true,"href":"https:\/\/makadama.es\/pt-pt\/wp-json\/wp\/v2\/media\/9392"}],"wp:attachment":[{"href":"https:\/\/makadama.es\/pt-pt\/wp-json\/wp\/v2\/media?parent=11017"}],"wp:term":[{"taxonomy":"product_brand","embeddable":true,"href":"https:\/\/makadama.es\/pt-pt\/wp-json\/wp\/v2\/product_brand?post=11017"},{"taxonomy":"product_cat","embeddable":true,"href":"https:\/\/makadama.es\/pt-pt\/wp-json\/wp\/v2\/product_cat?post=11017"},{"taxonomy":"product_tag","embeddable":true,"href":"https:\/\/makadama.es\/pt-pt\/wp-json\/wp\/v2\/product_tag?post=11017"}],"curies":[{"name":"wp","href":"https:\/\/api.w.org\/{rel}","templated":true}]}}