{"id":11945,"date":"2024-02-01T11:47:22","date_gmt":"2024-02-01T10:47:22","guid":{"rendered":"https:\/\/makadama.es\/producto\/bruma-pendente\/"},"modified":"2024-02-01T11:47:22","modified_gmt":"2024-02-01T10:47:22","slug":"bruma-pendente","status":"publish","type":"product","link":"https:\/\/makadama.es\/pt-pt\/producto\/bruma-pendente\/","title":{"rendered":"Bruma: Pendente"},"content":{"rendered":"<p>&#8230; e quando acordava de manh\u00e3 podia apreciar a n\u00e9voa, o seu frio, a sua \u00e1gua&#8230; e de repente tudo era um belo poema.<\/p>\n<ul>\n<li>Pe\u00e7a inteiramente fabricada em Espanha.<\/li>\n<li>As j\u00f3ias s\u00e3o feitas individualmente \u00e0 m\u00e3o, pelo que podem apresentar ligeiras diferen\u00e7as.<\/li>\n<li>Desenho pr\u00f3prio: Aleix Guill\u00e9n.<\/li>\n<\/ul>\n","protected":false},"excerpt":{"rendered":"<p>Brincos compridos articulados. Tr\u00eas pe\u00e7as unidas. Design leve e elegante, inspirado na beleza ef\u00e9mera do nevoeiro matinal. Fecho de press\u00e3o.<\/p>\n","protected":false},"featured_media":11595,"template":"","meta":[],"product_brand":[],"product_cat":[218],"product_tag":[],"class_list":{"0":"post-11945","1":"product","2":"type-product","3":"status-publish","4":"has-post-thumbnail","6":"product_cat-bruma-pt-pt","7":"pa_tipo-pendientes-pt-pt","9":"first","10":"instock","11":"taxable","12":"shipping-taxable","13":"purchasable","14":"product-type-variable","15":"has-default-attributes"},"yoast_head":"<!-- This site is optimized with the Yoast SEO plugin v27.3 - https:\/\/yoast.com\/product\/yoast-seo-wordpress\/ -->\n<title>Bruma: Pendente - Maka Dama<\/title>\n<meta name=\"description\" content=\"Cole\u00e7\u00e3o Bruma. Brincos longos articulados. Tr\u00eas pe\u00e7as unidas entre si. Design leve e elegante, inspirado na beleza ef\u00e9mera do nevoeiro matinal.\" \/>\n<meta name=\"robots\" content=\"index, follow, max-snippet:-1, max-image-preview:large, max-video-preview:-1\" \/>\n<link rel=\"canonical\" href=\"https:\/\/makadama.es\/pt-pt\/producto\/bruma-pendente\/\" \/>\n<meta property=\"og:locale\" content=\"pt_PT\" \/>\n<meta property=\"og:type\" content=\"article\" \/>\n<meta property=\"og:title\" content=\"Bruma: Pendente - Maka Dama\" \/>\n<meta property=\"og:description\" content=\"Cole\u00e7\u00e3o Bruma. Brincos longos articulados. Tr\u00eas pe\u00e7as unidas entre si. Design leve e elegante, inspirado na beleza ef\u00e9mera do nevoeiro matinal.\" \/>\n<meta property=\"og:url\" content=\"https:\/\/makadama.es\/pt-pt\/producto\/bruma-pendente\/\" \/>\n<meta property=\"og:site_name\" content=\"Maka Dama\" \/>\n<meta property=\"og:image\" content=\"https:\/\/makadama.es\/wp-content\/uploads\/2024\/02\/brupe05-_-destacada-min.jpg\" \/>\n\t<meta property=\"og:image:width\" content=\"960\" \/>\n\t<meta property=\"og:image:height\" content=\"960\" \/>\n\t<meta property=\"og:image:type\" content=\"image\/jpeg\" \/>\n<meta name=\"twitter:card\" content=\"summary_large_image\" \/>\n<script type=\"application\/ld+json\" class=\"yoast-schema-graph\">{\"@context\":\"https:\\\/\\\/schema.org\",\"@graph\":[{\"@type\":\"WebPage\",\"@id\":\"https:\\\/\\\/makadama.es\\\/pt-pt\\\/producto\\\/bruma-pendente\\\/\",\"url\":\"https:\\\/\\\/makadama.es\\\/pt-pt\\\/producto\\\/bruma-pendente\\\/\",\"name\":\"Bruma: Pendente - Maka Dama\",\"isPartOf\":{\"@id\":\"https:\\\/\\\/makadama.es\\\/pt-pt\\\/#website\"},\"primaryImageOfPage\":{\"@id\":\"https:\\\/\\\/makadama.es\\\/pt-pt\\\/producto\\\/bruma-pendente\\\/#primaryimage\"},\"image\":{\"@id\":\"https:\\\/\\\/makadama.es\\\/pt-pt\\\/producto\\\/bruma-pendente\\\/#primaryimage\"},\"thumbnailUrl\":\"https:\\\/\\\/makadama.es\\\/wp-content\\\/uploads\\\/2024\\\/02\\\/brupe05-_-destacada-min.jpg\",\"datePublished\":\"2024-02-01T10:47:22+00:00\",\"description\":\"Cole\u00e7\u00e3o Bruma. Brincos longos articulados. Tr\u00eas pe\u00e7as unidas entre si. Design leve e elegante, inspirado na beleza ef\u00e9mera do nevoeiro matinal.\",\"breadcrumb\":{\"@id\":\"https:\\\/\\\/makadama.es\\\/pt-pt\\\/producto\\\/bruma-pendente\\\/#breadcrumb\"},\"inLanguage\":\"pt-PT\",\"potentialAction\":[{\"@type\":\"ReadAction\",\"target\":[\"https:\\\/\\\/makadama.es\\\/pt-pt\\\/producto\\\/bruma-pendente\\\/\"]}]},{\"@type\":\"ImageObject\",\"inLanguage\":\"pt-PT\",\"@id\":\"https:\\\/\\\/makadama.es\\\/pt-pt\\\/producto\\\/bruma-pendente\\\/#primaryimage\",\"url\":\"https:\\\/\\\/makadama.es\\\/wp-content\\\/uploads\\\/2024\\\/02\\\/brupe05-_-destacada-min.jpg\",\"contentUrl\":\"https:\\\/\\\/makadama.es\\\/wp-content\\\/uploads\\\/2024\\\/02\\\/brupe05-_-destacada-min.jpg\",\"width\":960,\"height\":960},{\"@type\":\"BreadcrumbList\",\"@id\":\"https:\\\/\\\/makadama.es\\\/pt-pt\\\/producto\\\/bruma-pendente\\\/#breadcrumb\",\"itemListElement\":[{\"@type\":\"ListItem\",\"position\":1,\"name\":\"Portada\",\"item\":\"https:\\\/\\\/makadama.es\\\/pt-pt\\\/\"},{\"@type\":\"ListItem\",\"position\":2,\"name\":\"Tienda\",\"item\":\"https:\\\/\\\/makadama.es\\\/pt-pt\\\/tienda-2\\\/\"},{\"@type\":\"ListItem\",\"position\":3,\"name\":\"Bruma: Pendente\"}]},{\"@type\":\"WebSite\",\"@id\":\"https:\\\/\\\/makadama.es\\\/pt-pt\\\/#website\",\"url\":\"https:\\\/\\\/makadama.es\\\/pt-pt\\\/\",\"name\":\"Maka Dama\",\"description\":\"\",\"publisher\":{\"@id\":\"https:\\\/\\\/makadama.es\\\/pt-pt\\\/#organization\"},\"potentialAction\":[{\"@type\":\"SearchAction\",\"target\":{\"@type\":\"EntryPoint\",\"urlTemplate\":\"https:\\\/\\\/makadama.es\\\/pt-pt\\\/?s={search_term_string}\"},\"query-input\":{\"@type\":\"PropertyValueSpecification\",\"valueRequired\":true,\"valueName\":\"search_term_string\"}}],\"inLanguage\":\"pt-PT\"},{\"@type\":\"Organization\",\"@id\":\"https:\\\/\\\/makadama.es\\\/pt-pt\\\/#organization\",\"name\":\"Maka Dama\",\"url\":\"https:\\\/\\\/makadama.es\\\/pt-pt\\\/\",\"logo\":{\"@type\":\"ImageObject\",\"inLanguage\":\"pt-PT\",\"@id\":\"https:\\\/\\\/makadama.es\\\/pt-pt\\\/#\\\/schema\\\/logo\\\/image\\\/\",\"url\":\"https:\\\/\\\/makadama.es\\\/wp-content\\\/uploads\\\/2023\\\/08\\\/cropped-logo-2.png\",\"contentUrl\":\"https:\\\/\\\/makadama.es\\\/wp-content\\\/uploads\\\/2023\\\/08\\\/cropped-logo-2.png\",\"width\":250,\"height\":47,\"caption\":\"Maka Dama\"},\"image\":{\"@id\":\"https:\\\/\\\/makadama.es\\\/pt-pt\\\/#\\\/schema\\\/logo\\\/image\\\/\"}}]}<\/script>\n<!-- \/ Yoast SEO plugin. -->","yoast_head_json":{"title":"Bruma: Pendente - Maka Dama","description":"Cole\u00e7\u00e3o Bruma. Brincos longos articulados. Tr\u00eas pe\u00e7as unidas entre si. Design leve e elegante, inspirado na beleza ef\u00e9mera do nevoeiro matinal.","robots":{"index":"index","follow":"follow","max-snippet":"max-snippet:-1","max-image-preview":"max-image-preview:large","max-video-preview":"max-video-preview:-1"},"canonical":"https:\/\/makadama.es\/pt-pt\/producto\/bruma-pendente\/","og_locale":"pt_PT","og_type":"article","og_title":"Bruma: Pendente - Maka Dama","og_description":"Cole\u00e7\u00e3o Bruma. Brincos longos articulados. Tr\u00eas pe\u00e7as unidas entre si. Design leve e elegante, inspirado na beleza ef\u00e9mera do nevoeiro matinal.","og_url":"https:\/\/makadama.es\/pt-pt\/producto\/bruma-pendente\/","og_site_name":"Maka Dama","og_image":[{"width":960,"height":960,"url":"https:\/\/makadama.es\/wp-content\/uploads\/2024\/02\/brupe05-_-destacada-min.jpg","type":"image\/jpeg"}],"twitter_card":"summary_large_image","schema":{"@context":"https:\/\/schema.org","@graph":[{"@type":"WebPage","@id":"https:\/\/makadama.es\/pt-pt\/producto\/bruma-pendente\/","url":"https:\/\/makadama.es\/pt-pt\/producto\/bruma-pendente\/","name":"Bruma: Pendente - Maka Dama","isPartOf":{"@id":"https:\/\/makadama.es\/pt-pt\/#website"},"primaryImageOfPage":{"@id":"https:\/\/makadama.es\/pt-pt\/producto\/bruma-pendente\/#primaryimage"},"image":{"@id":"https:\/\/makadama.es\/pt-pt\/producto\/bruma-pendente\/#primaryimage"},"thumbnailUrl":"https:\/\/makadama.es\/wp-content\/uploads\/2024\/02\/brupe05-_-destacada-min.jpg","datePublished":"2024-02-01T10:47:22+00:00","description":"Cole\u00e7\u00e3o Bruma. Brincos longos articulados. Tr\u00eas pe\u00e7as unidas entre si. Design leve e elegante, inspirado na beleza ef\u00e9mera do nevoeiro matinal.","breadcrumb":{"@id":"https:\/\/makadama.es\/pt-pt\/producto\/bruma-pendente\/#breadcrumb"},"inLanguage":"pt-PT","potentialAction":[{"@type":"ReadAction","target":["https:\/\/makadama.es\/pt-pt\/producto\/bruma-pendente\/"]}]},{"@type":"ImageObject","inLanguage":"pt-PT","@id":"https:\/\/makadama.es\/pt-pt\/producto\/bruma-pendente\/#primaryimage","url":"https:\/\/makadama.es\/wp-content\/uploads\/2024\/02\/brupe05-_-destacada-min.jpg","contentUrl":"https:\/\/makadama.es\/wp-content\/uploads\/2024\/02\/brupe05-_-destacada-min.jpg","width":960,"height":960},{"@type":"BreadcrumbList","@id":"https:\/\/makadama.es\/pt-pt\/producto\/bruma-pendente\/#breadcrumb","itemListElement":[{"@type":"ListItem","position":1,"name":"Portada","item":"https:\/\/makadama.es\/pt-pt\/"},{"@type":"ListItem","position":2,"name":"Tienda","item":"https:\/\/makadama.es\/pt-pt\/tienda-2\/"},{"@type":"ListItem","position":3,"name":"Bruma: Pendente"}]},{"@type":"WebSite","@id":"https:\/\/makadama.es\/pt-pt\/#website","url":"https:\/\/makadama.es\/pt-pt\/","name":"Maka Dama","description":"","publisher":{"@id":"https:\/\/makadama.es\/pt-pt\/#organization"},"potentialAction":[{"@type":"SearchAction","target":{"@type":"EntryPoint","urlTemplate":"https:\/\/makadama.es\/pt-pt\/?s={search_term_string}"},"query-input":{"@type":"PropertyValueSpecification","valueRequired":true,"valueName":"search_term_string"}}],"inLanguage":"pt-PT"},{"@type":"Organization","@id":"https:\/\/makadama.es\/pt-pt\/#organization","name":"Maka Dama","url":"https:\/\/makadama.es\/pt-pt\/","logo":{"@type":"ImageObject","inLanguage":"pt-PT","@id":"https:\/\/makadama.es\/pt-pt\/#\/schema\/logo\/image\/","url":"https:\/\/makadama.es\/wp-content\/uploads\/2023\/08\/cropped-logo-2.png","contentUrl":"https:\/\/makadama.es\/wp-content\/uploads\/2023\/08\/cropped-logo-2.png","width":250,"height":47,"caption":"Maka Dama"},"image":{"@id":"https:\/\/makadama.es\/pt-pt\/#\/schema\/logo\/image\/"}}]}},"_links":{"self":[{"href":"https:\/\/makadama.es\/pt-pt\/wp-json\/wp\/v2\/product\/11945","targetHints":{"allow":["GET"]}}],"collection":[{"href":"https:\/\/makadama.es\/pt-pt\/wp-json\/wp\/v2\/product"}],"about":[{"href":"https:\/\/makadama.es\/pt-pt\/wp-json\/wp\/v2\/types\/product"}],"wp:featuredmedia":[{"embeddable":true,"href":"https:\/\/makadama.es\/pt-pt\/wp-json\/wp\/v2\/media\/11595"}],"wp:attachment":[{"href":"https:\/\/makadama.es\/pt-pt\/wp-json\/wp\/v2\/media?parent=11945"}],"wp:term":[{"taxonomy":"product_brand","embeddable":true,"href":"https:\/\/makadama.es\/pt-pt\/wp-json\/wp\/v2\/product_brand?post=11945"},{"taxonomy":"product_cat","embeddable":true,"href":"https:\/\/makadama.es\/pt-pt\/wp-json\/wp\/v2\/product_cat?post=11945"},{"taxonomy":"product_tag","embeddable":true,"href":"https:\/\/makadama.es\/pt-pt\/wp-json\/wp\/v2\/product_tag?post=11945"}],"curies":[{"name":"wp","href":"https:\/\/api.w.org\/{rel}","templated":true}]}}