{"id":9868,"date":"2023-09-18T11:40:56","date_gmt":"2023-09-18T09:40:56","guid":{"rendered":"https:\/\/makadama.es\/producto\/kiara-collar-08\/"},"modified":"2024-11-26T08:34:24","modified_gmt":"2024-11-26T07:34:24","slug":"kiara-collar-08","status":"publish","type":"product","link":"https:\/\/makadama.es\/pt-pt\/producto\/kiara-collar-08\/","title":{"rendered":"Kiara: Colar"},"content":{"rendered":"<p>&#8230;surge ent\u00e3o a joia, com um toque leve e elegante, cheia de volume, e da sua textura ralada surge um brilho.<\/p>\n<ul>\n<li>Pe\u00e7a fabricada integralmente em Espanha.<\/li>\n<li>As j\u00f3ias s\u00e3o feitas individualmente \u00e0 m\u00e3o, pelo que podem apresentar ligeiras diferen\u00e7as.<\/li>\n<li>Desenho pr\u00f3prio: Aleix Guill\u00e9n.<\/li>\n<\/ul>\n","protected":false},"excerpt":{"rendered":"<p>Colar com pendente. Design leve e elegante, cheio de volume, inspirado num clar\u00e3o de luz. Corrente, fecho de mosquet\u00e3o e extens\u00e3o.<\/p>\n","protected":false},"featured_media":9626,"template":"","meta":[],"product_brand":[],"product_cat":[109],"product_tag":[],"class_list":{"0":"post-9868","1":"product","2":"type-product","3":"status-publish","4":"has-post-thumbnail","6":"product_cat-kiara-pt-pt","7":"pa_tipo-collares-pt-pt","9":"first","10":"instock","11":"taxable","12":"shipping-taxable","13":"purchasable","14":"product-type-variable","15":"has-default-attributes"},"yoast_head":"<!-- This site is optimized with the Yoast SEO plugin v27.3 - https:\/\/yoast.com\/product\/yoast-seo-wordpress\/ -->\n<title>Kiara: Colar - Maka Dama<\/title>\n<meta name=\"description\" content=\"Cole\u00e7\u00e3o Kiara. Colar com pendente. Design leve e elegante, cheio de volume, inspirado num clar\u00e3o de luz. Corrente, fecho de mosquet\u00e3o e extens\u00e3o.\" \/>\n<meta name=\"robots\" content=\"index, follow, max-snippet:-1, max-image-preview:large, max-video-preview:-1\" \/>\n<link rel=\"canonical\" href=\"https:\/\/makadama.es\/pt-pt\/producto\/kiara-collar-08\/\" \/>\n<meta property=\"og:locale\" content=\"pt_PT\" \/>\n<meta property=\"og:type\" content=\"article\" \/>\n<meta property=\"og:title\" content=\"Kiara: Colar - Maka Dama\" \/>\n<meta property=\"og:description\" content=\"Cole\u00e7\u00e3o Kiara. Colar com pendente. Design leve e elegante, cheio de volume, inspirado num clar\u00e3o de luz. Corrente, fecho de mosquet\u00e3o e extens\u00e3o.\" \/>\n<meta property=\"og:url\" content=\"https:\/\/makadama.es\/pt-pt\/producto\/kiara-collar-08\/\" \/>\n<meta property=\"og:site_name\" content=\"Maka Dama\" \/>\n<meta property=\"article:modified_time\" content=\"2024-11-26T07:34:24+00:00\" \/>\n<meta property=\"og:image\" content=\"https:\/\/makadama.es\/wp-content\/uploads\/2023\/09\/kiaco08_destacada-min.jpg\" \/>\n\t<meta property=\"og:image:width\" content=\"960\" \/>\n\t<meta property=\"og:image:height\" content=\"960\" \/>\n\t<meta property=\"og:image:type\" content=\"image\/jpeg\" \/>\n<meta name=\"twitter:card\" content=\"summary_large_image\" \/>\n<script type=\"application\/ld+json\" class=\"yoast-schema-graph\">{\"@context\":\"https:\\\/\\\/schema.org\",\"@graph\":[{\"@type\":\"WebPage\",\"@id\":\"https:\\\/\\\/makadama.es\\\/pt-pt\\\/producto\\\/kiara-collar-08\\\/\",\"url\":\"https:\\\/\\\/makadama.es\\\/pt-pt\\\/producto\\\/kiara-collar-08\\\/\",\"name\":\"Kiara: Colar - Maka Dama\",\"isPartOf\":{\"@id\":\"https:\\\/\\\/makadama.es\\\/pt-pt\\\/#website\"},\"primaryImageOfPage\":{\"@id\":\"https:\\\/\\\/makadama.es\\\/pt-pt\\\/producto\\\/kiara-collar-08\\\/#primaryimage\"},\"image\":{\"@id\":\"https:\\\/\\\/makadama.es\\\/pt-pt\\\/producto\\\/kiara-collar-08\\\/#primaryimage\"},\"thumbnailUrl\":\"https:\\\/\\\/makadama.es\\\/wp-content\\\/uploads\\\/2023\\\/09\\\/kiaco08_variacion-min.jpg\",\"datePublished\":\"2023-09-18T09:40:56+00:00\",\"dateModified\":\"2024-11-26T07:34:24+00:00\",\"description\":\"Cole\u00e7\u00e3o Kiara. Colar com pendente. Design leve e elegante, cheio de volume, inspirado num clar\u00e3o de luz. Corrente, fecho de mosquet\u00e3o e extens\u00e3o.\",\"breadcrumb\":{\"@id\":\"https:\\\/\\\/makadama.es\\\/pt-pt\\\/producto\\\/kiara-collar-08\\\/#breadcrumb\"},\"inLanguage\":\"pt-PT\",\"potentialAction\":[{\"@type\":\"ReadAction\",\"target\":[\"https:\\\/\\\/makadama.es\\\/pt-pt\\\/producto\\\/kiara-collar-08\\\/\"]}]},{\"@type\":\"ImageObject\",\"inLanguage\":\"pt-PT\",\"@id\":\"https:\\\/\\\/makadama.es\\\/pt-pt\\\/producto\\\/kiara-collar-08\\\/#primaryimage\",\"url\":\"https:\\\/\\\/makadama.es\\\/wp-content\\\/uploads\\\/2023\\\/09\\\/kiaco08_variacion-min.jpg\",\"contentUrl\":\"https:\\\/\\\/makadama.es\\\/wp-content\\\/uploads\\\/2023\\\/09\\\/kiaco08_variacion-min.jpg\",\"width\":960,\"height\":960,\"caption\":\"Kiara: Colar\"},{\"@type\":\"BreadcrumbList\",\"@id\":\"https:\\\/\\\/makadama.es\\\/pt-pt\\\/producto\\\/kiara-collar-08\\\/#breadcrumb\",\"itemListElement\":[{\"@type\":\"ListItem\",\"position\":1,\"name\":\"Portada\",\"item\":\"https:\\\/\\\/makadama.es\\\/pt-pt\\\/\"},{\"@type\":\"ListItem\",\"position\":2,\"name\":\"Tienda\",\"item\":\"https:\\\/\\\/makadama.es\\\/pt-pt\\\/tienda-2\\\/\"},{\"@type\":\"ListItem\",\"position\":3,\"name\":\"Kiara: Colar\"}]},{\"@type\":\"WebSite\",\"@id\":\"https:\\\/\\\/makadama.es\\\/pt-pt\\\/#website\",\"url\":\"https:\\\/\\\/makadama.es\\\/pt-pt\\\/\",\"name\":\"Maka Dama\",\"description\":\"\",\"publisher\":{\"@id\":\"https:\\\/\\\/makadama.es\\\/pt-pt\\\/#organization\"},\"potentialAction\":[{\"@type\":\"SearchAction\",\"target\":{\"@type\":\"EntryPoint\",\"urlTemplate\":\"https:\\\/\\\/makadama.es\\\/pt-pt\\\/?s={search_term_string}\"},\"query-input\":{\"@type\":\"PropertyValueSpecification\",\"valueRequired\":true,\"valueName\":\"search_term_string\"}}],\"inLanguage\":\"pt-PT\"},{\"@type\":\"Organization\",\"@id\":\"https:\\\/\\\/makadama.es\\\/pt-pt\\\/#organization\",\"name\":\"Maka Dama\",\"url\":\"https:\\\/\\\/makadama.es\\\/pt-pt\\\/\",\"logo\":{\"@type\":\"ImageObject\",\"inLanguage\":\"pt-PT\",\"@id\":\"https:\\\/\\\/makadama.es\\\/pt-pt\\\/#\\\/schema\\\/logo\\\/image\\\/\",\"url\":\"https:\\\/\\\/makadama.es\\\/wp-content\\\/uploads\\\/2023\\\/08\\\/cropped-logo-2.png\",\"contentUrl\":\"https:\\\/\\\/makadama.es\\\/wp-content\\\/uploads\\\/2023\\\/08\\\/cropped-logo-2.png\",\"width\":250,\"height\":47,\"caption\":\"Maka Dama\"},\"image\":{\"@id\":\"https:\\\/\\\/makadama.es\\\/pt-pt\\\/#\\\/schema\\\/logo\\\/image\\\/\"}}]}<\/script>\n<!-- \/ Yoast SEO plugin. -->","yoast_head_json":{"title":"Kiara: Colar - Maka Dama","description":"Cole\u00e7\u00e3o Kiara. Colar com pendente. Design leve e elegante, cheio de volume, inspirado num clar\u00e3o de luz. Corrente, fecho de mosquet\u00e3o e extens\u00e3o.","robots":{"index":"index","follow":"follow","max-snippet":"max-snippet:-1","max-image-preview":"max-image-preview:large","max-video-preview":"max-video-preview:-1"},"canonical":"https:\/\/makadama.es\/pt-pt\/producto\/kiara-collar-08\/","og_locale":"pt_PT","og_type":"article","og_title":"Kiara: Colar - Maka Dama","og_description":"Cole\u00e7\u00e3o Kiara. Colar com pendente. Design leve e elegante, cheio de volume, inspirado num clar\u00e3o de luz. Corrente, fecho de mosquet\u00e3o e extens\u00e3o.","og_url":"https:\/\/makadama.es\/pt-pt\/producto\/kiara-collar-08\/","og_site_name":"Maka Dama","article_modified_time":"2024-11-26T07:34:24+00:00","og_image":[{"width":960,"height":960,"url":"https:\/\/makadama.es\/wp-content\/uploads\/2023\/09\/kiaco08_destacada-min.jpg","type":"image\/jpeg"}],"twitter_card":"summary_large_image","schema":{"@context":"https:\/\/schema.org","@graph":[{"@type":"WebPage","@id":"https:\/\/makadama.es\/pt-pt\/producto\/kiara-collar-08\/","url":"https:\/\/makadama.es\/pt-pt\/producto\/kiara-collar-08\/","name":"Kiara: Colar - Maka Dama","isPartOf":{"@id":"https:\/\/makadama.es\/pt-pt\/#website"},"primaryImageOfPage":{"@id":"https:\/\/makadama.es\/pt-pt\/producto\/kiara-collar-08\/#primaryimage"},"image":{"@id":"https:\/\/makadama.es\/pt-pt\/producto\/kiara-collar-08\/#primaryimage"},"thumbnailUrl":"https:\/\/makadama.es\/wp-content\/uploads\/2023\/09\/kiaco08_variacion-min.jpg","datePublished":"2023-09-18T09:40:56+00:00","dateModified":"2024-11-26T07:34:24+00:00","description":"Cole\u00e7\u00e3o Kiara. Colar com pendente. Design leve e elegante, cheio de volume, inspirado num clar\u00e3o de luz. Corrente, fecho de mosquet\u00e3o e extens\u00e3o.","breadcrumb":{"@id":"https:\/\/makadama.es\/pt-pt\/producto\/kiara-collar-08\/#breadcrumb"},"inLanguage":"pt-PT","potentialAction":[{"@type":"ReadAction","target":["https:\/\/makadama.es\/pt-pt\/producto\/kiara-collar-08\/"]}]},{"@type":"ImageObject","inLanguage":"pt-PT","@id":"https:\/\/makadama.es\/pt-pt\/producto\/kiara-collar-08\/#primaryimage","url":"https:\/\/makadama.es\/wp-content\/uploads\/2023\/09\/kiaco08_variacion-min.jpg","contentUrl":"https:\/\/makadama.es\/wp-content\/uploads\/2023\/09\/kiaco08_variacion-min.jpg","width":960,"height":960,"caption":"Kiara: Colar"},{"@type":"BreadcrumbList","@id":"https:\/\/makadama.es\/pt-pt\/producto\/kiara-collar-08\/#breadcrumb","itemListElement":[{"@type":"ListItem","position":1,"name":"Portada","item":"https:\/\/makadama.es\/pt-pt\/"},{"@type":"ListItem","position":2,"name":"Tienda","item":"https:\/\/makadama.es\/pt-pt\/tienda-2\/"},{"@type":"ListItem","position":3,"name":"Kiara: Colar"}]},{"@type":"WebSite","@id":"https:\/\/makadama.es\/pt-pt\/#website","url":"https:\/\/makadama.es\/pt-pt\/","name":"Maka Dama","description":"","publisher":{"@id":"https:\/\/makadama.es\/pt-pt\/#organization"},"potentialAction":[{"@type":"SearchAction","target":{"@type":"EntryPoint","urlTemplate":"https:\/\/makadama.es\/pt-pt\/?s={search_term_string}"},"query-input":{"@type":"PropertyValueSpecification","valueRequired":true,"valueName":"search_term_string"}}],"inLanguage":"pt-PT"},{"@type":"Organization","@id":"https:\/\/makadama.es\/pt-pt\/#organization","name":"Maka Dama","url":"https:\/\/makadama.es\/pt-pt\/","logo":{"@type":"ImageObject","inLanguage":"pt-PT","@id":"https:\/\/makadama.es\/pt-pt\/#\/schema\/logo\/image\/","url":"https:\/\/makadama.es\/wp-content\/uploads\/2023\/08\/cropped-logo-2.png","contentUrl":"https:\/\/makadama.es\/wp-content\/uploads\/2023\/08\/cropped-logo-2.png","width":250,"height":47,"caption":"Maka Dama"},"image":{"@id":"https:\/\/makadama.es\/pt-pt\/#\/schema\/logo\/image\/"}}]}},"_links":{"self":[{"href":"https:\/\/makadama.es\/pt-pt\/wp-json\/wp\/v2\/product\/9868","targetHints":{"allow":["GET"]}}],"collection":[{"href":"https:\/\/makadama.es\/pt-pt\/wp-json\/wp\/v2\/product"}],"about":[{"href":"https:\/\/makadama.es\/pt-pt\/wp-json\/wp\/v2\/types\/product"}],"wp:featuredmedia":[{"embeddable":true,"href":"https:\/\/makadama.es\/pt-pt\/wp-json\/wp\/v2\/media\/9626"}],"wp:attachment":[{"href":"https:\/\/makadama.es\/pt-pt\/wp-json\/wp\/v2\/media?parent=9868"}],"wp:term":[{"taxonomy":"product_brand","embeddable":true,"href":"https:\/\/makadama.es\/pt-pt\/wp-json\/wp\/v2\/product_brand?post=9868"},{"taxonomy":"product_cat","embeddable":true,"href":"https:\/\/makadama.es\/pt-pt\/wp-json\/wp\/v2\/product_cat?post=9868"},{"taxonomy":"product_tag","embeddable":true,"href":"https:\/\/makadama.es\/pt-pt\/wp-json\/wp\/v2\/product_tag?post=9868"}],"curies":[{"name":"wp","href":"https:\/\/api.w.org\/{rel}","templated":true}]}}