{"id":9957,"date":"2023-08-14T06:44:00","date_gmt":"2023-08-14T04:44:00","guid":{"rendered":"https:\/\/makadama.es\/?post_type=product&#038;p=9957"},"modified":"2023-10-11T11:21:00","modified_gmt":"2023-10-11T09:21:00","slug":"tribasiks","status":"publish","type":"product","link":"https:\/\/makadama.es\/pt-pt\/producto\/tribasiks\/","title":{"rendered":"Tribasiks"},"content":{"rendered":"<p>Os nossos brincos super us\u00e1veis e combin\u00e1veis. Ouro, prata e prata preta&#8230; tr\u00eas acabamentos para estes b\u00e1sicos.<\/p>\n<p>As j\u00f3ias s\u00e3o feitas individualmente \u00e0 m\u00e3o, pelo que podem ocorrer ligeiras diferen\u00e7as.<\/p>\n<p>Evitar riscar a pe\u00e7a e limpar com \u00e1gua e sab\u00e3o de ph neutro.<\/p>\n<p>Pe\u00e7a totalmente fabricada em Espanha.<\/p>\n<p>Desenho: Aleix Guill\u00e9n<\/p>\n","protected":false},"excerpt":{"rendered":"<p>Liga met\u00e1lica (sem n\u00edquel e sem chumbo) com revestimento de ouro de 18 quilates; revestimento de prata com r\u00f3dio; revestimento de rut\u00e9nio.<\/p>\n","protected":false},"featured_media":7189,"template":"","meta":[],"product_brand":[],"product_cat":[120],"product_tag":[],"class_list":{"0":"post-9957","1":"product","2":"type-product","3":"status-publish","4":"has-post-thumbnail","6":"product_cat-tribasiks-pt-pt","8":"first","9":"onbackorder","10":"taxable","11":"shipping-taxable","12":"purchasable","13":"product-type-simple"},"yoast_head":"<!-- This site is optimized with the Yoast SEO plugin v27.3 - https:\/\/yoast.com\/product\/yoast-seo-wordpress\/ -->\n<title>Tribasiks - Maka Dama<\/title>\n<meta name=\"robots\" content=\"index, follow, max-snippet:-1, max-image-preview:large, max-video-preview:-1\" \/>\n<link rel=\"canonical\" href=\"https:\/\/makadama.es\/pt-pt\/producto\/tribasiks\/\" \/>\n<meta property=\"og:locale\" content=\"pt_PT\" \/>\n<meta property=\"og:type\" content=\"article\" \/>\n<meta property=\"og:title\" content=\"Tribasiks - Maka Dama\" \/>\n<meta property=\"og:description\" content=\"Liga met\u00e1lica (sem n\u00edquel e sem chumbo) com revestimento de ouro de 18 quilates; revestimento de prata com r\u00f3dio; revestimento de rut\u00e9nio.\" \/>\n<meta property=\"og:url\" content=\"https:\/\/makadama.es\/pt-pt\/producto\/tribasiks\/\" \/>\n<meta property=\"og:site_name\" content=\"Maka Dama\" \/>\n<meta property=\"article:modified_time\" content=\"2023-10-11T09:21:00+00:00\" \/>\n<meta property=\"og:image\" content=\"https:\/\/makadama.es\/wp-content\/uploads\/2023\/08\/IMG_20220125_112710-scaled-1.jpg\" \/>\n\t<meta property=\"og:image:width\" content=\"1831\" \/>\n\t<meta property=\"og:image:height\" content=\"2560\" \/>\n\t<meta property=\"og:image:type\" content=\"image\/jpeg\" \/>\n<meta name=\"twitter:card\" content=\"summary_large_image\" \/>\n<script type=\"application\/ld+json\" class=\"yoast-schema-graph\">{\"@context\":\"https:\\\/\\\/schema.org\",\"@graph\":[{\"@type\":\"WebPage\",\"@id\":\"https:\\\/\\\/makadama.es\\\/pt-pt\\\/producto\\\/tribasiks\\\/\",\"url\":\"https:\\\/\\\/makadama.es\\\/pt-pt\\\/producto\\\/tribasiks\\\/\",\"name\":\"Tribasiks - Maka Dama\",\"isPartOf\":{\"@id\":\"https:\\\/\\\/makadama.es\\\/pt-pt\\\/#website\"},\"primaryImageOfPage\":{\"@id\":\"https:\\\/\\\/makadama.es\\\/pt-pt\\\/producto\\\/tribasiks\\\/#primaryimage\"},\"image\":{\"@id\":\"https:\\\/\\\/makadama.es\\\/pt-pt\\\/producto\\\/tribasiks\\\/#primaryimage\"},\"thumbnailUrl\":\"https:\\\/\\\/makadama.es\\\/wp-content\\\/uploads\\\/2023\\\/08\\\/IMG_20220125_112710-scaled-1.jpg\",\"datePublished\":\"2023-08-14T04:44:00+00:00\",\"dateModified\":\"2023-10-11T09:21:00+00:00\",\"breadcrumb\":{\"@id\":\"https:\\\/\\\/makadama.es\\\/pt-pt\\\/producto\\\/tribasiks\\\/#breadcrumb\"},\"inLanguage\":\"pt-PT\",\"potentialAction\":[{\"@type\":\"ReadAction\",\"target\":[\"https:\\\/\\\/makadama.es\\\/pt-pt\\\/producto\\\/tribasiks\\\/\"]}]},{\"@type\":\"ImageObject\",\"inLanguage\":\"pt-PT\",\"@id\":\"https:\\\/\\\/makadama.es\\\/pt-pt\\\/producto\\\/tribasiks\\\/#primaryimage\",\"url\":\"https:\\\/\\\/makadama.es\\\/wp-content\\\/uploads\\\/2023\\\/08\\\/IMG_20220125_112710-scaled-1.jpg\",\"contentUrl\":\"https:\\\/\\\/makadama.es\\\/wp-content\\\/uploads\\\/2023\\\/08\\\/IMG_20220125_112710-scaled-1.jpg\",\"width\":1831,\"height\":2560},{\"@type\":\"BreadcrumbList\",\"@id\":\"https:\\\/\\\/makadama.es\\\/pt-pt\\\/producto\\\/tribasiks\\\/#breadcrumb\",\"itemListElement\":[{\"@type\":\"ListItem\",\"position\":1,\"name\":\"Portada\",\"item\":\"https:\\\/\\\/makadama.es\\\/pt-pt\\\/\"},{\"@type\":\"ListItem\",\"position\":2,\"name\":\"Tienda\",\"item\":\"https:\\\/\\\/makadama.es\\\/pt-pt\\\/tienda-2\\\/\"},{\"@type\":\"ListItem\",\"position\":3,\"name\":\"Tribasiks\"}]},{\"@type\":\"WebSite\",\"@id\":\"https:\\\/\\\/makadama.es\\\/pt-pt\\\/#website\",\"url\":\"https:\\\/\\\/makadama.es\\\/pt-pt\\\/\",\"name\":\"Maka Dama\",\"description\":\"\",\"publisher\":{\"@id\":\"https:\\\/\\\/makadama.es\\\/pt-pt\\\/#organization\"},\"potentialAction\":[{\"@type\":\"SearchAction\",\"target\":{\"@type\":\"EntryPoint\",\"urlTemplate\":\"https:\\\/\\\/makadama.es\\\/pt-pt\\\/?s={search_term_string}\"},\"query-input\":{\"@type\":\"PropertyValueSpecification\",\"valueRequired\":true,\"valueName\":\"search_term_string\"}}],\"inLanguage\":\"pt-PT\"},{\"@type\":\"Organization\",\"@id\":\"https:\\\/\\\/makadama.es\\\/pt-pt\\\/#organization\",\"name\":\"Maka Dama\",\"url\":\"https:\\\/\\\/makadama.es\\\/pt-pt\\\/\",\"logo\":{\"@type\":\"ImageObject\",\"inLanguage\":\"pt-PT\",\"@id\":\"https:\\\/\\\/makadama.es\\\/pt-pt\\\/#\\\/schema\\\/logo\\\/image\\\/\",\"url\":\"https:\\\/\\\/makadama.es\\\/wp-content\\\/uploads\\\/2023\\\/08\\\/cropped-logo-2.png\",\"contentUrl\":\"https:\\\/\\\/makadama.es\\\/wp-content\\\/uploads\\\/2023\\\/08\\\/cropped-logo-2.png\",\"width\":250,\"height\":47,\"caption\":\"Maka Dama\"},\"image\":{\"@id\":\"https:\\\/\\\/makadama.es\\\/pt-pt\\\/#\\\/schema\\\/logo\\\/image\\\/\"}}]}<\/script>\n<!-- \/ Yoast SEO plugin. -->","yoast_head_json":{"title":"Tribasiks - Maka Dama","robots":{"index":"index","follow":"follow","max-snippet":"max-snippet:-1","max-image-preview":"max-image-preview:large","max-video-preview":"max-video-preview:-1"},"canonical":"https:\/\/makadama.es\/pt-pt\/producto\/tribasiks\/","og_locale":"pt_PT","og_type":"article","og_title":"Tribasiks - Maka Dama","og_description":"Liga met\u00e1lica (sem n\u00edquel e sem chumbo) com revestimento de ouro de 18 quilates; revestimento de prata com r\u00f3dio; revestimento de rut\u00e9nio.","og_url":"https:\/\/makadama.es\/pt-pt\/producto\/tribasiks\/","og_site_name":"Maka Dama","article_modified_time":"2023-10-11T09:21:00+00:00","og_image":[{"width":1831,"height":2560,"url":"https:\/\/makadama.es\/wp-content\/uploads\/2023\/08\/IMG_20220125_112710-scaled-1.jpg","type":"image\/jpeg"}],"twitter_card":"summary_large_image","schema":{"@context":"https:\/\/schema.org","@graph":[{"@type":"WebPage","@id":"https:\/\/makadama.es\/pt-pt\/producto\/tribasiks\/","url":"https:\/\/makadama.es\/pt-pt\/producto\/tribasiks\/","name":"Tribasiks - Maka Dama","isPartOf":{"@id":"https:\/\/makadama.es\/pt-pt\/#website"},"primaryImageOfPage":{"@id":"https:\/\/makadama.es\/pt-pt\/producto\/tribasiks\/#primaryimage"},"image":{"@id":"https:\/\/makadama.es\/pt-pt\/producto\/tribasiks\/#primaryimage"},"thumbnailUrl":"https:\/\/makadama.es\/wp-content\/uploads\/2023\/08\/IMG_20220125_112710-scaled-1.jpg","datePublished":"2023-08-14T04:44:00+00:00","dateModified":"2023-10-11T09:21:00+00:00","breadcrumb":{"@id":"https:\/\/makadama.es\/pt-pt\/producto\/tribasiks\/#breadcrumb"},"inLanguage":"pt-PT","potentialAction":[{"@type":"ReadAction","target":["https:\/\/makadama.es\/pt-pt\/producto\/tribasiks\/"]}]},{"@type":"ImageObject","inLanguage":"pt-PT","@id":"https:\/\/makadama.es\/pt-pt\/producto\/tribasiks\/#primaryimage","url":"https:\/\/makadama.es\/wp-content\/uploads\/2023\/08\/IMG_20220125_112710-scaled-1.jpg","contentUrl":"https:\/\/makadama.es\/wp-content\/uploads\/2023\/08\/IMG_20220125_112710-scaled-1.jpg","width":1831,"height":2560},{"@type":"BreadcrumbList","@id":"https:\/\/makadama.es\/pt-pt\/producto\/tribasiks\/#breadcrumb","itemListElement":[{"@type":"ListItem","position":1,"name":"Portada","item":"https:\/\/makadama.es\/pt-pt\/"},{"@type":"ListItem","position":2,"name":"Tienda","item":"https:\/\/makadama.es\/pt-pt\/tienda-2\/"},{"@type":"ListItem","position":3,"name":"Tribasiks"}]},{"@type":"WebSite","@id":"https:\/\/makadama.es\/pt-pt\/#website","url":"https:\/\/makadama.es\/pt-pt\/","name":"Maka Dama","description":"","publisher":{"@id":"https:\/\/makadama.es\/pt-pt\/#organization"},"potentialAction":[{"@type":"SearchAction","target":{"@type":"EntryPoint","urlTemplate":"https:\/\/makadama.es\/pt-pt\/?s={search_term_string}"},"query-input":{"@type":"PropertyValueSpecification","valueRequired":true,"valueName":"search_term_string"}}],"inLanguage":"pt-PT"},{"@type":"Organization","@id":"https:\/\/makadama.es\/pt-pt\/#organization","name":"Maka Dama","url":"https:\/\/makadama.es\/pt-pt\/","logo":{"@type":"ImageObject","inLanguage":"pt-PT","@id":"https:\/\/makadama.es\/pt-pt\/#\/schema\/logo\/image\/","url":"https:\/\/makadama.es\/wp-content\/uploads\/2023\/08\/cropped-logo-2.png","contentUrl":"https:\/\/makadama.es\/wp-content\/uploads\/2023\/08\/cropped-logo-2.png","width":250,"height":47,"caption":"Maka Dama"},"image":{"@id":"https:\/\/makadama.es\/pt-pt\/#\/schema\/logo\/image\/"}}]}},"_links":{"self":[{"href":"https:\/\/makadama.es\/pt-pt\/wp-json\/wp\/v2\/product\/9957","targetHints":{"allow":["GET"]}}],"collection":[{"href":"https:\/\/makadama.es\/pt-pt\/wp-json\/wp\/v2\/product"}],"about":[{"href":"https:\/\/makadama.es\/pt-pt\/wp-json\/wp\/v2\/types\/product"}],"wp:featuredmedia":[{"embeddable":true,"href":"https:\/\/makadama.es\/pt-pt\/wp-json\/wp\/v2\/media\/7189"}],"wp:attachment":[{"href":"https:\/\/makadama.es\/pt-pt\/wp-json\/wp\/v2\/media?parent=9957"}],"wp:term":[{"taxonomy":"product_brand","embeddable":true,"href":"https:\/\/makadama.es\/pt-pt\/wp-json\/wp\/v2\/product_brand?post=9957"},{"taxonomy":"product_cat","embeddable":true,"href":"https:\/\/makadama.es\/pt-pt\/wp-json\/wp\/v2\/product_cat?post=9957"},{"taxonomy":"product_tag","embeddable":true,"href":"https:\/\/makadama.es\/pt-pt\/wp-json\/wp\/v2\/product_tag?post=9957"}],"curies":[{"name":"wp","href":"https:\/\/api.w.org\/{rel}","templated":true}]}}